{"id":68,"date":"2024-03-21T12:45:43","date_gmt":"2024-03-21T11:45:43","guid":{"rendered":"https:\/\/cet.academy\/?post_type=product&#038;p=68"},"modified":"2025-09-23T09:45:14","modified_gmt":"2025-09-23T07:45:14","slug":"certificado-security-compliance-and-identity-fundamentals","status":"publish","type":"product","link":"https:\/\/cet.academy\/ca\/certificaciones\/certificado-security-compliance-and-identity-fundamentals\/","title":{"rendered":"Certificado Security, Compliance, and Identity Fundamentals"},"content":{"rendered":"<table style=\"border-collapse: collapse;\" border=\"1\">\n<tbody>\n<tr>\n<td style=\"background-color: #ec6824; padding: 20px;\">\n<h4><span style=\"color: #ffffff;\">CONVOCATORIAS<\/span><\/h4>\n<\/td>\n<td style=\"background-color: #162640; padding: 20px;\"><span style=\"color: #ffffff;\">\u00daltimos mi\u00e9rcoles laborables del centro de cada mes<\/span><\/td>\n<\/tr>\n<tr>\n<td style=\"background-color: #ec6824; padding: 20px;\">\n<h4><span style=\"color: #ffffff;\">HORARIO:<\/span><\/h4>\n<\/td>\n<td style=\"background-color: #162640; padding: 20px;\"><span style=\"color: #ffffff;\">10:00 a 13:00 hrs o 16:00 a 19:00 hrs<\/span><\/td>\n<\/tr>\n<\/tbody>\n<\/table>\n<div align=\"justify\">\n<h3>Dirigido a:<\/h3>\n<ul>\n<li>Profesionales t\u00e9cnicos para conseguir la confianza necesaria para obtener mejores roles en su organizaci\u00f3n y poder avanzar a liderar proyectos m\u00e1s grandes.<\/li>\n<li>Estudiantes\u00a0para abrir puertas profesionales con la certificaci\u00f3n de uno de los principales proveedores tecnol\u00f3gicos.<\/li>\n<li>Profesionales empresariales para aprender las caracter\u00edsticas y conceptos y as\u00ed poder ser m\u00e1s eficaz en la comunicaci\u00f3n con profesionales t\u00e9cnicos.<\/li>\n<\/ul>\n<\/div>\n<h3>Te ayudamos en tu aprendizaje<\/h3>\n<p align=\"justify\">\u00a0\u00a0\u00a0\u00a0\u00a0\u00a0CET Pened\u00e8s incluye herramientas para ayudarte a preparar tu examen, independientemente de si has elegido o no, la opci\u00f3n \u201csegunda oportunidad\u201d:<\/p>\n<ul>\n<li>Acceso al simulador de examen oficial de Microsoft para pr\u00e1cticas de preguntas y realizar test simulando el examen de certificaci\u00f3n elegido mediante el simulador GMETRIX.<\/li>\n<\/ul>\n<p>&nbsp;<\/p>\n<div>\n<p>No te preocupes si tienes dudas o necesitas cualquier aclaraci\u00f3n. Estamos a su disposici\u00f3n.<\/p>\n<p>Ll\u00e1manos al\u00a0+0034 938 90 47 45\u00a0de lunes a viernes de 9:00 a 13:00 y de 16:00 a 20:00.<\/p>\n<p>Escribanos a hola@cetpenedes.cat<\/p>\n<\/div>\n<p>&nbsp;<\/p>\n<h3>Aptitudes evaluadas:<\/h3>\n<p><span class=\"HwtZe\" lang=\"es\"><span class=\"jCAhz ChMk0b\"><span class=\"ryNqvb\">Esta certificaci\u00f3n garantiza que tiene una idea firme de una variedad de temas en el campo de la ciberseguridad.<\/span><\/span><\/span><\/p>\n<p><span class=\"HwtZe\" lang=\"es\"><span class=\"jCAhz ChMk0b\"><span class=\"ryNqvb\">Puede servir como punto de partida si le interesa avanzar a certificaciones basadas en roles sobre operaciones de seguridad , administraci\u00f3n de identidades y acceso, y protecci\u00f3n de la informaci\u00f3n.<\/span><\/span><\/span><\/p>\n<p><span class=\"HwtZe\" lang=\"es\"><span class=\"jCAhz ChMk0b\"><span class=\"ryNqvb\">La certificaci\u00f3n Microsoft Certified: Security, Compliance, and Identity Fundamentals podr\u00eda ser una excelente opci\u00f3n si busque lo siguiente:<\/span><\/span><\/span><\/p>\n<ul>\n<li><span class=\"HwtZe\" lang=\"es\"><span class=\"jCAhz ChMk0b\"><span class=\"ryNqvb\">Demostrar conocimientos sobre las soluciones de seguridad, cumplimiento e identidad (SCI) de Microsoft.<\/span><\/span><\/span><\/li>\n<li><span class=\"HwtZe\" lang=\"es\"><span class=\"jCAhz ChMk0b\"><span class=\"ryNqvb\">Resaltar los conocimientos sobre c\u00f3mo las soluciones SCI de Microsoft proporcionan funcionalidades hol\u00edsticas de ciberseguridad de un extremo al otro.<\/span><\/span><\/span><\/li>\n<\/ul>\n<p><span class=\"HwtZe\" lang=\"es\"><span class=\"jCAhz ChMk0b\"><span class=\"ryNqvb\">Se recomienda que, como candidato, est\u00e9 familiarizado con:<\/span><\/span><\/span><\/p>\n<ul>\n<li><span class=\"HwtZe\" lang=\"es\"><span class=\"jCAhz ChMk0b\"><span class=\"ryNqvb\">Conceptos de redes e inform\u00e1tica en la nube.<\/span><\/span><\/span><\/li>\n<li><span class=\"HwtZe\" lang=\"es\"><span class=\"jCAhz ChMk0b\"><span class=\"ryNqvb\">Conocimientos generales de TI o experiencia general trabajando en un entorno de TI.<\/span><\/span><\/span><\/li>\n<li><span class=\"HwtZe\" lang=\"es\"><span class=\"jCAhz ChMk0b\"><span class=\"ryNqvb\">Descripci\u00f3n general de Microsoft Azure y Microsoft 365.<\/span><\/span><\/span><\/li>\n<\/ul>\n<p>Aptitudes medidas a partir del 19 de diciembre de 2023:<\/p>\n<ul>\n<li><span class=\"HwtZe\" lang=\"es\"><span class=\"jCAhz ChMk0b\"><span class=\"ryNqvb\">Describir el valor empresarial de Microsoft Power Platform (20-25%).<\/span><\/span><\/span><\/li>\n<li><span class=\"HwtZe\" lang=\"es\"><span class=\"jCAhz ChMk0b\"><span class=\"ryNqvb\">Identificar los componentes fundamentales de Microsoft Power Platform (10-15%).<\/span><\/span><\/span><\/li>\n<li><span class=\"HwtZe\" lang=\"es\"><span class=\"jCAhz ChMk0b\"><span class=\"ryNqvb\">Demostrar las capacidades de Power BI (10-15%).<\/span><\/span><\/span><\/li>\n<li><span class=\"HwtZe\" lang=\"es\"><span class=\"jCAhz ChMk0b\"><span class=\"ryNqvb\">Demostrar las capacidades de Power Apps (20\u201325%).<\/span><\/span><\/span><\/li>\n<li><span class=\"HwtZe\" lang=\"es\"><span class=\"jCAhz ChMk0b\"><span class=\"ryNqvb\">Demostrar las capacidades de Power Automate (15-20%).<\/span><\/span><\/span><\/li>\n<li><span class=\"HwtZe\" lang=\"es\"><span class=\"jCAhz ChMk0b\"><span class=\"ryNqvb\">Describir soluciones complementarias de Microsoft Power Platform (15\u201320%).<\/span><\/span><\/span><\/li>\n<\/ul>\n<div align=\"justify\">\n<h3>El examen:<\/h3>\n<p>El examen de certificaci\u00f3n es un examen tipo test en espa\u00f1ol de 50 minutos de duraci\u00f3n, con opciones de respuesta innovadoras seleccionadas.<\/p>\n<p>Es supervisado remotamente y te permite realizarlo desde la comodidad de tu hogar u oficina con simple conexi\u00f3n a internet.<\/p>\n<p>Sin duda, las certificaciones Microsoft fundamentales disfrutan del reconocimiento del sector y abren muchas puertas en el mercado laboral. Ofrecen formaci\u00f3n b\u00e1sica y ex\u00e1menes que proporcionan informaci\u00f3n general pr\u00e1ctica de la tecnolog\u00eda de Microsoft y confirman que tienes un conocimiento actualizado de los temas.<\/p>\n<div>\n<p>Para m\u00e1s informaci\u00f3n del certificado, puedes visitar la p\u00e1gina oficial del emisor de los certificados (<a href=\"https:\/\/certiport.pearsonvue.com\/Certifications\/Microsoft\/MCF\/Overview.aspx\" target=\"_blank\" rel=\"noopener\">Certiport Fundamentals<\/a>) para ver todas las certificaciones o descargar los objetivos de cada certificaci\u00f3n en los siguientes enlaces:<\/p>\n<ul>\n<li><a href=\"https:\/\/learn.microsoft.com\/es-es\/credentials\/certifications\/fundamentals\" target=\"_blank\" rel=\"noopener\">Visi\u00f3n general certificaciones Microsoft Fundamentales<\/a><\/li>\n<li><a href=\"https:\/\/www.cetpenedes.cat\/wp-content\/uploads\/fitxa-curs-pagament\/ofertes\/EFH_Gu%C3%ADa%20Certiport%20para%20candidatos%20a%20examen%20(es%20).pdf\" target=\"_blank\" rel=\"noopener\">Gu\u00eda Certiport examen<\/a><\/li>\n<li><a href=\"https:\/\/learn.microsoft.com\/es-es\/credentials\/certifications\/security-compliance-and-identity-fundamentals\/\" target=\" _blank\" rel=\"noopener\">Detalle certificaci\u00f3n Microsoft Security, Compliance, and Identity Fundamentals<\/a><\/li>\n<li><a href=\"https:\/\/learn.microsoft.com\/es-es\/credentials\/certifications\/resources\/study-guides\/sc-900\" target=\"_blank \" rel=\"noopener\">Gu\u00eda de estudio del examen PL-900: Aspectos b\u00e1sicos de Microsoft Security, Compliance, and Identity Fundamentals<\/a><\/li>\n<\/ul>\n<\/div>\n<div>\n<p>&nbsp;<\/p>\n<p><a href=\"https:\/\/learn.microsoft.com\/es-es\/credentials\/certifications\/fundamentals\" target=\"_blank\" rel=\"noopener\"><img decoding=\"async\" class=\"wp-image-21095 alignleft\" src=\"https:\/\/www.cetpenedes.es\/wp-content\/uploads\/2023\/11\/180x125xlogo_fundamentals.png.pagespeed.ic.UG1fvL_VGf.webp\" alt=\"Certificado Microsoft Azure Fundamentals\" width=\"222\" height=\"154\" data-pagespeed-url-hash=\"3075140180\" \/><\/a><\/p>\n<p><strong><span style=\"color: #ff0000;\">CET Pened\u00e9s no se hace responsable de los contenidos de las preguntas de los ex\u00e1menes Certiport para obtener la certificaci\u00f3n.<\/span><\/strong><\/p>\n<p>&nbsp;<\/p>\n<\/div>\n<div>\n<h3><\/h3>\n<h3><\/h3>\n<h3>Certificaciones Microsoft Fundamentales existentes:<\/h3>\n<ul>\n<li>AZ-900: Microsoft Azure Fundamentals.\u00a0<a href=\"https:\/\/www.cetpenedes.cat\/producte\/certificat-azure-fundamentals\" target=\"_blank\" rel=\"noopener\">Ver oferta<\/a><\/li>\n<li>DP-900: Microsoft Azure Data Fundamentals.\u00a0<a href=\"https:\/\/www.cetpenedes.cat\/producte\/certificat-azure-data-fundamentals\" target=\"_blank\" rel=\"noopener\">Ver oferta<\/a><\/li>\n<li>AI-900: Microsoft Azure AI Fundamentales.\u00a0<a href=\"https:\/\/www.cetpenedes.cat\/producte\/certificat-azure-ai-fundamentals\" target=\"_blank\" rel=\"noopener\">Ver oferta<\/a><\/li>\n<li>MS-900 Microsoft 365 Fundamentales.\u00a0<a href=\"https:\/\/www.cetpenedes.cat\/producte\/certificat-365-fundamentals\" target=\"_blank\" rel=\"noopener\">Ver oferta<\/a><\/li>\n<li>MB-910: Microsoft Dynamics 365 Fundamentales (CRM).\u00a0<a href=\"https:\/\/www.cetpenedes.cat\/producte\/certificat-dynamics-365-fundamentals-crm\" target=\"_blank\" rel=\"noopener\">Ver oferta<\/a><\/li>\n<li>MB-920: Microsoft Dynamics 365 Fundamentales (ERP).\u00a0<a href=\"https:\/\/www.cetpenedes.cat\/producte\/certificat-dynamics-365-fundamentals-erp\" target=\"_blank\" rel=\"noopener\">Ver oferta<\/a><\/li>\n<li>PL-900: Microsoft Power Platform Fundamentales.\u00a0<a href=\"https:\/\/www.cetpenedes.cat\/producte\/certificat-power-platform-fundamentals\" target=\"_blank\" rel=\"noopener\">Ver oferta<\/a><\/li>\n<li>SC-900: Microsoft Security, Compliance, and Identity Fundamentals.\u00a0<a href=\"https:\/\/www.cetpenedes.cat\/producte\/certificat-security-compliance-identity-fundamentals\" target=\"_blank\" rel=\"noopener\">Ver oferta<\/a><\/li>\n<\/ul>\n<\/div>\n<\/div>\n<p><img fetchpriority=\"high\" decoding=\"async\" class=\"\" src=\"https:\/\/learn.microsoft.com\/es-es\/credentials\/certifications\/images\/fundamentals_hero_wide.svg\" width=\"361\" height=\"166\" \/><\/p>\n","protected":false},"excerpt":{"rendered":"<p class=\"price\">Valida tus conocimientos sobre una gran variedad de temas de ciberseguridad y adquiere una base para obtener certificaciones avanzadas que lo preparen para roles con gran demanda de personal en las \u00e1reas de operaciones de seguridad, administraci\u00f3n de la identidad y el acceso, y protecci\u00f3n de la informaci\u00f3n.<\/p>\n<div class=\"description\">\n<p>Se recomienda para profesionales de seguridad de TI que est\u00e1n empezando y estudiantes que aspiran a serlo.<\/p>\n<\/div>\n","protected":false},"featured_media":194,"template":"","meta":{"_uag_custom_page_level_css":""},"product_brand":[],"product_cat":[29,40],"product_tag":[],"class_list":{"0":"post-68","1":"product","2":"type-product","3":"status-publish","4":"has-post-thumbnail","6":"product_cat-certificaciones-oficiales","7":"product_cat-microsoft-fundamentals","9":"first","10":"instock","11":"purchasable","12":"product-type-variable"},"uagb_featured_image_src":{"full":["https:\/\/cet.academy\/wp-content\/uploads\/2024\/03\/Security_Compliance_Identity_Fundamentals.jpg",1000,1000,false],"thumbnail":["https:\/\/cet.academy\/wp-content\/uploads\/2024\/03\/Security_Compliance_Identity_Fundamentals.jpg",150,150,false],"medium":["https:\/\/cet.academy\/wp-content\/uploads\/2024\/03\/Security_Compliance_Identity_Fundamentals.jpg",300,300,false],"medium_large":["https:\/\/cet.academy\/wp-content\/uploads\/2024\/03\/Security_Compliance_Identity_Fundamentals.jpg",768,768,false],"large":["https:\/\/cet.academy\/wp-content\/uploads\/2024\/03\/Security_Compliance_Identity_Fundamentals.jpg",1000,1000,false],"1536x1536":["https:\/\/cet.academy\/wp-content\/uploads\/2024\/03\/Security_Compliance_Identity_Fundamentals.jpg",1000,1000,false],"2048x2048":["https:\/\/cet.academy\/wp-content\/uploads\/2024\/03\/Security_Compliance_Identity_Fundamentals.jpg",1000,1000,false],"woocommerce_thumbnail":["https:\/\/cet.academy\/wp-content\/uploads\/2024\/03\/Security_Compliance_Identity_Fundamentals.jpg",300,300,false],"woocommerce_single":["https:\/\/cet.academy\/wp-content\/uploads\/2024\/03\/Security_Compliance_Identity_Fundamentals.jpg",600,600,false],"woocommerce_gallery_thumbnail":["https:\/\/cet.academy\/wp-content\/uploads\/2024\/03\/Security_Compliance_Identity_Fundamentals.jpg",100,100,false],"dgwt-wcas-product-suggestion":["https:\/\/cet.academy\/wp-content\/uploads\/2024\/03\/Security_Compliance_Identity_Fundamentals.jpg",64,64,false]},"uagb_author_info":{"display_name":"root","author_link":"https:\/\/cet.academy\/ca\/author\/"},"uagb_comment_info":0,"uagb_excerpt":"Valida tus conocimientos sobre una gran variedad de temas de ciberseguridad y adquiere una base para obtener certificaciones avanzadas que lo preparen para roles con gran demanda de personal en las \u00e1reas de operaciones de seguridad, administraci\u00f3n de la identidad y el acceso, y protecci\u00f3n de la informaci\u00f3n. Se recomienda para profesionales de seguridad de&hellip;","_links":{"self":[{"href":"https:\/\/cet.academy\/ca\/wp-json\/wp\/v2\/product\/68","targetHints":{"allow":["GET"]}}],"collection":[{"href":"https:\/\/cet.academy\/ca\/wp-json\/wp\/v2\/product"}],"about":[{"href":"https:\/\/cet.academy\/ca\/wp-json\/wp\/v2\/types\/product"}],"version-history":[{"count":3,"href":"https:\/\/cet.academy\/ca\/wp-json\/wp\/v2\/product\/68\/revisions"}],"predecessor-version":[{"id":1954,"href":"https:\/\/cet.academy\/ca\/wp-json\/wp\/v2\/product\/68\/revisions\/1954"}],"wp:featuredmedia":[{"embeddable":true,"href":"https:\/\/cet.academy\/ca\/wp-json\/wp\/v2\/media\/194"}],"wp:attachment":[{"href":"https:\/\/cet.academy\/ca\/wp-json\/wp\/v2\/media?parent=68"}],"wp:term":[{"taxonomy":"product_brand","embeddable":true,"href":"https:\/\/cet.academy\/ca\/wp-json\/wp\/v2\/product_brand?post=68"},{"taxonomy":"product_cat","embeddable":true,"href":"https:\/\/cet.academy\/ca\/wp-json\/wp\/v2\/product_cat?post=68"},{"taxonomy":"product_tag","embeddable":true,"href":"https:\/\/cet.academy\/ca\/wp-json\/wp\/v2\/product_tag?post=68"}],"curies":[{"name":"wp","href":"https:\/\/api.w.org\/{rel}","templated":true}]}}