{"id":2677,"date":"2025-07-10T16:40:41","date_gmt":"2025-07-10T14:40:41","guid":{"rendered":"https:\/\/cet.academy\/?post_type=product&#038;p=2677"},"modified":"2025-07-10T16:56:09","modified_gmt":"2025-07-10T14:56:09","slug":"unity-certified-user-vr-developer-copia","status":"publish","type":"product","link":"https:\/\/cet.academy\/ca\/certificaciones\/unity-certified-user-vr-developer-copia\/","title":{"rendered":"Unity Certified User Artist"},"content":{"rendered":"<div align=\"justify\">\n<h3>Obtingueu una certificaci\u00f3 Unity certified user certificaction:<\/h3>\n<p align=\"justify\">La certificaci\u00f3 d&#8217;Unity Certified User Artist permet a les persones comen\u00e7ar a crear contingut interactiu per a ind\u00fastries com ara els jocs, l&#8217;entreteniment, l&#8217;automoci\u00f3, XR i AEC (arquitectura, enginyeria i construcci\u00f3). Les persones que obtenen una certificaci\u00f3 d&#8217;Unity Certified User Certification reben una credencial reconeguda per la ind\u00fastria que valida la compet\u00e8ncia en l&#8217;\u00fas de la tecnologia d&#8217;Unity i demostra que tenen les habilitats i el coneixement per tenir \u00e8xit en carreres que requereixen la creaci\u00f3 de contingut interactiu. <\/p>\n<p>Tant si vols crear jocs i aplicacions com crear nous mons a AR i VR, la certificaci\u00f3 d&#8217;Unity Certified User Certification \u00e9s una forma mesurable perqu\u00e8 els ocupadors i institucions verifiquin el coneixement i les habilitats en l&#8217;\u00fas d&#8217;Unity.<\/p>\n<\/div>\n<p>No et preocupis si tens dubtes o necessites qualsevol aclariment. <\/p>\n<p>Truca&#8217;ns al +0034 938 90 47 45 de dilluns a divendres de 9:00 a 13:00 i de 16:00 a 20:00.<\/p>\n<p>Escriu-nos a hola@cet.academy<\/p>\n<p>&nbsp;<\/p>\n<h3>Aptituds avaluades:<\/h3>\n<p>L&#8217;examen de certificaci\u00f3 Unity Certified User Artist avaluar\u00e0 els conceptes b\u00e0sics de l&#8217;art digital 2D i 3D dins del programari Unity per crear interactivitat en jocs, aplicacions, AR\/VR i altres experi\u00e8ncies. Els objectius de lexamen estan alineats amb els est\u00e0ndards actuals de la ind\u00fastria establerts per professionals i educadors. Sespera que les persones tinguin almenys 150 hores d\u00fas i capacitaci\u00f3 del programari Unity per obtenir aquesta certificaci\u00f3.  <\/p>\n<h3>L&#8217;examen:<\/h3>\n<p>L&#8217;examen de certificaci\u00f3 \u00e9s un examen tipus test, en angl\u00e8s, de 50 minuts de durada, de 40 preguntes, amb opcions de resposta innovadores seleccionades.<\/p>\n<p>\u00c9s supervisat remotament i et permet fer-ho des de la comoditat de casa teva o oficina amb una simple connexi\u00f3 a internet.<\/p>\n<p>Sens dubte, les certificacions Unity Certified User, gaudeixen del reconeixement del sector i obren moltes portes al mercat laboral. Ofereixen formaci\u00f3 b\u00e0sica i ex\u00e0mens que proporcionen informaci\u00f3 general pr\u00e0ctica de la tecnologia Unity i confirmen que tens un coneixement actualitzat dels temes. <\/p>\n<div><\/div>\n<div>\n<p><span style=\"color: #ff0000;\">CET Pened\u00e8s no es fa responsable dels continguts de les preguntes dels ex\u00e0mens Certiport per obtenir la certificaci\u00f3.<\/span><\/p>\n<p>&nbsp;<\/p>\n<\/div>\n","protected":false},"excerpt":{"rendered":"<p>La certificaci\u00f3 Unity Certified User Artist avaluar\u00e0 la capacitat art\u00edstica digital 2D i 3D del candidat dins d&#8217;Unity. Aquesta certificaci\u00f3 demostra coneixements que inclouen la gesti\u00f3 dels aspectes b\u00e0sics del maneig d&#8217;actius art\u00edstics, el disseny de contingut d&#8217;escenes i l&#8217;\u00fas d&#8217;eines dins d&#8217;Unity per ajudar a crear experi\u00e8ncies. S&#8217;espera que els candidats per a aquest examen tinguin almenys 150 hores d&#8217;\u00fas i formaci\u00f3 del programari Unity per obtenir la certificaci\u00f3.  <\/p>\n","protected":false},"featured_media":2683,"template":"","meta":{"_uag_custom_page_level_css":""},"product_brand":[],"product_cat":[100,138,140],"product_tag":[],"class_list":{"0":"post-2677","1":"product","2":"type-product","3":"status-publish","4":"has-post-thumbnail","6":"product_cat-certificacions-oficials","7":"product_cat-populars","8":"product_cat-unity-certified-user-ca","10":"first","11":"instock","12":"purchasable","13":"product-type-variable"},"uagb_featured_image_src":{"full":["https:\/\/cet.academy\/wp-content\/uploads\/2025\/07\/Artist.webp",1000,667,false],"thumbnail":["https:\/\/cet.academy\/wp-content\/uploads\/2025\/07\/Artist-150x150.webp",150,150,true],"medium":["https:\/\/cet.academy\/wp-content\/uploads\/2025\/07\/Artist-300x200.webp",300,200,true],"medium_large":["https:\/\/cet.academy\/wp-content\/uploads\/2025\/07\/Artist-768x512.webp",768,512,true],"large":["https:\/\/cet.academy\/wp-content\/uploads\/2025\/07\/Artist.webp",1000,667,false],"1536x1536":["https:\/\/cet.academy\/wp-content\/uploads\/2025\/07\/Artist.webp",1000,667,false],"2048x2048":["https:\/\/cet.academy\/wp-content\/uploads\/2025\/07\/Artist.webp",1000,667,false],"woocommerce_thumbnail":["https:\/\/cet.academy\/wp-content\/uploads\/2025\/07\/Artist-300x300.webp",300,300,true],"woocommerce_single":["https:\/\/cet.academy\/wp-content\/uploads\/2025\/07\/Artist-600x400.webp",600,400,true],"woocommerce_gallery_thumbnail":["https:\/\/cet.academy\/wp-content\/uploads\/2025\/07\/Artist-100x100.webp",100,100,true],"dgwt-wcas-product-suggestion":["https:\/\/cet.academy\/wp-content\/uploads\/2025\/07\/Artist-64x43.webp",64,43,true]},"uagb_author_info":{"display_name":"root","author_link":"https:\/\/cet.academy\/ca\/author\/"},"uagb_comment_info":0,"uagb_excerpt":"La certificaci\u00f3 Unity Certified User Artist avaluar\u00e0 la capacitat art\u00edstica digital 2D i 3D del candidat dins d'Unity. Aquesta certificaci\u00f3 demostra coneixements que inclouen la gesti\u00f3 dels aspectes b\u00e0sics del maneig d'actius art\u00edstics, el disseny de contingut d'escenes i l'\u00fas d'eines dins d'Unity per ajudar a crear experi\u00e8ncies. S'espera que els candidats per a aquest&hellip;","_links":{"self":[{"href":"https:\/\/cet.academy\/ca\/wp-json\/wp\/v2\/product\/2677","targetHints":{"allow":["GET"]}}],"collection":[{"href":"https:\/\/cet.academy\/ca\/wp-json\/wp\/v2\/product"}],"about":[{"href":"https:\/\/cet.academy\/ca\/wp-json\/wp\/v2\/types\/product"}],"version-history":[{"count":2,"href":"https:\/\/cet.academy\/ca\/wp-json\/wp\/v2\/product\/2677\/revisions"}],"predecessor-version":[{"id":2691,"href":"https:\/\/cet.academy\/ca\/wp-json\/wp\/v2\/product\/2677\/revisions\/2691"}],"wp:featuredmedia":[{"embeddable":true,"href":"https:\/\/cet.academy\/ca\/wp-json\/wp\/v2\/media\/2683"}],"wp:attachment":[{"href":"https:\/\/cet.academy\/ca\/wp-json\/wp\/v2\/media?parent=2677"}],"wp:term":[{"taxonomy":"product_brand","embeddable":true,"href":"https:\/\/cet.academy\/ca\/wp-json\/wp\/v2\/product_brand?post=2677"},{"taxonomy":"product_cat","embeddable":true,"href":"https:\/\/cet.academy\/ca\/wp-json\/wp\/v2\/product_cat?post=2677"},{"taxonomy":"product_tag","embeddable":true,"href":"https:\/\/cet.academy\/ca\/wp-json\/wp\/v2\/product_tag?post=2677"}],"curies":[{"name":"wp","href":"https:\/\/api.w.org\/{rel}","templated":true}]}}