{"id":2626,"date":"2025-07-03T11:05:45","date_gmt":"2025-07-03T09:05:45","guid":{"rendered":"https:\/\/cet.academy\/?post_type=product&#038;p=2626"},"modified":"2025-07-04T12:54:34","modified_gmt":"2025-07-04T10:54:34","slug":"certificat-365-fonamentals-copia","status":"publish","type":"product","link":"https:\/\/cet.academy\/ca\/certificaciones\/certificat-365-fonamentals-copia\/","title":{"rendered":"Unity Certified User Programmer"},"content":{"rendered":"<div align=\"justify\">\n<h3>Obtingueu una certificaci\u00f3 Unity certified user certificaction:<\/h3>\n<p align=\"justify\">La certificaci\u00f3 Unity Certified User Programmer permet a les persones comen\u00e7ar a crear contingut interactiu per a ind\u00fastries com els jocs, l&#8217;entreteniment, l&#8217;automoci\u00f3, XR i AEC (arquitectura, enginyeria i construcci\u00f3). Les persones que obtenen una certificaci\u00f3 d&#8217;Unity Certified User Certification reben una credencial reconeguda per la ind\u00fastria que valida la compet\u00e8ncia en l&#8217;\u00fas de la tecnologia d&#8217;Unity i demostra que tenen les habilitats i el coneixement per tenir \u00e8xit en carreres que requereixen la creaci\u00f3 de contingut interactiu. <\/p>\n<p>Tant si vols crear jocs i aplicacions com crear nous mons a AR i VR, la certificaci\u00f3 d&#8217;Unity Certified User Certification \u00e9s una forma mesurable perqu\u00e8 els ocupadors i institucions verifiquin el coneixement i les habilitats en l&#8217;\u00fas d&#8217;Unity.<\/p>\n<\/div>\n<p>No et preocupis si tens dubtes o necessites qualsevol aclariment. <\/p>\n<p>Truca&#8217;ns al +0034 938 90 47 45 de dilluns a divendres de 9:00 a 13:00 i de 16:00 a 20:00.<\/p>\n<p>Escriu-nos a hola@cet.academy<\/p>\n<p>&nbsp;<\/p>\n<h3>Aptituds avaluades:<\/h3>\n<p>L&#8217;examen de certificaci\u00f3 Unity Certified User Programmer avaluar\u00e0 els conceptes b\u00e0sics de programaci\u00f3 a C# dins del programari Unity per crear interactivitat en jocs, aplicacions, AR\/VR i altres experi\u00e8ncies. Aquesta certificaci\u00f3 demostra coneixements b\u00e0sics que inclouen depuraci\u00f3, resoluci\u00f3 de problemes i interpretaci\u00f3 de l&#8217;API, creaci\u00f3 i avaluaci\u00f3 de codi i navegaci\u00f3 per la interf\u00edcie d&#8217;Unity. S&#8217;espera que els candidats per a aquest examen comptin amb un m\u00ednim de 150 hores de formaci\u00f3 a Unity per poder obtenir la certificaci\u00f3.  <\/p>\n<h3>L&#8217;examen:<\/h3>\n<p>L&#8217;examen de certificaci\u00f3 \u00e9s un examen tipus test, en angl\u00e8s, de 50 minuts de durada, de 40 preguntes, amb opcions de resposta innovadores seleccionades.<\/p>\n<p>\u00c9s supervisat remotament i et permet fer-ho des de la comoditat de casa teva o oficina amb una simple connexi\u00f3 a internet.<\/p>\n<p>Sens dubte, les certificacions Unity Certified User, gaudeixen del reconeixement del sector i obren moltes portes al mercat laboral. Ofereixen formaci\u00f3 b\u00e0sica i ex\u00e0mens que proporcionen informaci\u00f3 general pr\u00e0ctica de la tecnologia Unity i confirmen que tens un coneixement actualitzat dels temes. <\/p>\n<div><\/div>\n<div>\n<p><span style=\"color: #ff0000;\">CET Pened\u00e8s no es fa responsable dels continguts de les preguntes dels ex\u00e0mens Certiport per obtenir la certificaci\u00f3.<\/span><\/p>\n<p>&nbsp;<\/p>\n<\/div>\n","protected":false},"excerpt":{"rendered":"<p>Demostra el teu domini fonamental del desenvolupament interactiu amb Unity, des de la creaci\u00f3 de seq\u00fc\u00e8ncies i la l\u00f2gica de joc fins a la implementaci\u00f3 d&#8217;interf\u00edcies d&#8217;usuari i la gesti\u00f3 d&#8217;actius. Aquesta certificaci\u00f3 pr\u00e0ctica valida les teves habilitats per construir experi\u00e8ncies immersives i funcionals. <\/p>\n","protected":false},"featured_media":2643,"template":"","meta":{"_uag_custom_page_level_css":""},"product_brand":[],"product_cat":[100,138,140],"product_tag":[],"class_list":{"0":"post-2626","1":"product","2":"type-product","3":"status-publish","4":"has-post-thumbnail","6":"product_cat-certificacions-oficials","7":"product_cat-populars","8":"product_cat-unity-certified-user-ca","10":"first","11":"instock","12":"purchasable","13":"product-type-variable"},"uagb_featured_image_src":{"full":["https:\/\/cet.academy\/wp-content\/uploads\/2025\/07\/programmer.webp",1000,667,false],"thumbnail":["https:\/\/cet.academy\/wp-content\/uploads\/2025\/07\/programmer-150x150.webp",150,150,true],"medium":["https:\/\/cet.academy\/wp-content\/uploads\/2025\/07\/programmer-300x200.webp",300,200,true],"medium_large":["https:\/\/cet.academy\/wp-content\/uploads\/2025\/07\/programmer-768x512.webp",768,512,true],"large":["https:\/\/cet.academy\/wp-content\/uploads\/2025\/07\/programmer.webp",1000,667,false],"1536x1536":["https:\/\/cet.academy\/wp-content\/uploads\/2025\/07\/programmer.webp",1000,667,false],"2048x2048":["https:\/\/cet.academy\/wp-content\/uploads\/2025\/07\/programmer.webp",1000,667,false],"woocommerce_thumbnail":["https:\/\/cet.academy\/wp-content\/uploads\/2025\/07\/programmer-300x300.webp",300,300,true],"woocommerce_single":["https:\/\/cet.academy\/wp-content\/uploads\/2025\/07\/programmer-600x400.webp",600,400,true],"woocommerce_gallery_thumbnail":["https:\/\/cet.academy\/wp-content\/uploads\/2025\/07\/programmer-100x100.webp",100,100,true],"dgwt-wcas-product-suggestion":["https:\/\/cet.academy\/wp-content\/uploads\/2025\/07\/programmer-64x43.webp",64,43,true]},"uagb_author_info":{"display_name":"root","author_link":"https:\/\/cet.academy\/ca\/author\/"},"uagb_comment_info":0,"uagb_excerpt":"Demostra el teu domini fonamental del desenvolupament interactiu amb Unity, des de la creaci\u00f3 de seq\u00fc\u00e8ncies i la l\u00f2gica de joc fins a la implementaci\u00f3 d'interf\u00edcies d'usuari i la gesti\u00f3 d'actius. Aquesta certificaci\u00f3 pr\u00e0ctica valida les teves habilitats per construir experi\u00e8ncies immersives i funcionals.","_links":{"self":[{"href":"https:\/\/cet.academy\/ca\/wp-json\/wp\/v2\/product\/2626","targetHints":{"allow":["GET"]}}],"collection":[{"href":"https:\/\/cet.academy\/ca\/wp-json\/wp\/v2\/product"}],"about":[{"href":"https:\/\/cet.academy\/ca\/wp-json\/wp\/v2\/types\/product"}],"version-history":[{"count":2,"href":"https:\/\/cet.academy\/ca\/wp-json\/wp\/v2\/product\/2626\/revisions"}],"predecessor-version":[{"id":2649,"href":"https:\/\/cet.academy\/ca\/wp-json\/wp\/v2\/product\/2626\/revisions\/2649"}],"wp:featuredmedia":[{"embeddable":true,"href":"https:\/\/cet.academy\/ca\/wp-json\/wp\/v2\/media\/2643"}],"wp:attachment":[{"href":"https:\/\/cet.academy\/ca\/wp-json\/wp\/v2\/media?parent=2626"}],"wp:term":[{"taxonomy":"product_brand","embeddable":true,"href":"https:\/\/cet.academy\/ca\/wp-json\/wp\/v2\/product_brand?post=2626"},{"taxonomy":"product_cat","embeddable":true,"href":"https:\/\/cet.academy\/ca\/wp-json\/wp\/v2\/product_cat?post=2626"},{"taxonomy":"product_tag","embeddable":true,"href":"https:\/\/cet.academy\/ca\/wp-json\/wp\/v2\/product_tag?post=2626"}],"curies":[{"name":"wp","href":"https:\/\/api.w.org\/{rel}","templated":true}]}}