{"id":2538,"date":"2024-03-21T12:45:43","date_gmt":"2024-03-21T11:45:43","guid":{"rendered":"https:\/\/cet.academy\/certificaciones\/certificat-azure-ai-fundamentals\/"},"modified":"2024-03-21T12:45:43","modified_gmt":"2024-03-21T11:45:43","slug":"certificat-azure-ai-fundamentals","status":"publish","type":"product","link":"https:\/\/cet.academy\/ca\/certificaciones\/certificat-azure-ai-fundamentals\/","title":{"rendered":"Certificat Azure AI Fundamentals"},"content":{"rendered":"<table style=\"border-collapse: collapse;\" border=\"1\">\n<tbody>\n<tr>\n<td style=\"background-color: #ec6824; color: white;\">\n<h4>CONVOCAT\u00d2RIES<\/h4>\n<\/td>\n<td style=\"background-color: #162640; color: white;\">\u00daltims dimecres laborables del centre de cada mes<\/td>\n<\/tr>\n<tr>\n<td style=\"background-color: #ec6824; color: white;\">\n<h4>HORARI:<\/h4>\n<\/td>\n<td style=\"background-color: #162640; color: white;\">10:00 a 13:00 hrs o 16:00 a 19:00 hrs<\/td>\n<\/tr>\n<\/tbody>\n<\/table>\n<div align=\"justify\">\n<h3>Dirigit a:<\/h3>\n<ul>\n<li>Professionals t\u00e8cnics per aconseguir la confian\u00e7a necess\u00e0ria per obtenir millors rols a la seva organitzaci\u00f3 i poder avan\u00e7ar a liderar projectes m\u00e9s grans.<\/li>\n<li>Estudiants per obrir les portes professionals amb la certificaci\u00f3 d&#8217;un dels principals prove\u00efdors tecnol\u00f2gics.<\/li>\n<li>Professionals empresarials per aprendre les caracter\u00edstiques i els conceptes i aix\u00ed poder ser m\u00e9s efica\u00e7 amb la comunicaci\u00f3 amb professionals t\u00e8cnics.<\/li>\n<\/ul>\n<\/div>\n<h3>T&#8217;ajudem en el teu aprenentatge<\/h3>\n<p align=\"justify\"> CET Pened\u00e8s inclou eines per ajudar-te a preparar el teu examen, independentment de si has triat o no, l&#8217;opci\u00f3 \u201csegona oportunitat\u201d:<\/p>\n<ul>\n<li>Acc\u00e9s al simulador d&#8217;examen oficial de Microsoft per a pr\u00e0ctiques de preguntes i fer test simulant l&#8217;examen de certificaci\u00f3 escollit mitjan\u00e7ant el simulador GMETRIX.<\/li>\n<\/ul>\n<p>&nbsp;<\/p>\n<div>\n<p>No et preocupis si tens dubtes o necessites qualsevol aclariment. <\/p>\n<p>Truca&#8217;ns al +0034 938 90 47 45 de dilluns a divendres de 9:00 a 13:00 i de 16:00 a 20:00.<\/p>\n<p>Escriu-nos a hola@cetpenedes.cat<\/p>\n<\/div>\n<p>&nbsp;<\/p>\n<h3>Aptituds avaluades:<\/h3>\n<p>Aquest examen \u00e9s una oportunitat per demostrar el coneixement dels conceptes d&#8217;aprenentatge autom\u00e0tic i intel\u00b7lig\u00e8ncia artificial i els serveis de Microsoft Azure relacionats. Com a candidat per a aquest examen, heu d&#8217;estar familiaritzat amb el material d&#8217;aprenentatge autodirigit o dirigit per un instructor de l&#8217;Examen AI-900. <\/p>\n<p>Aquest examen va dirigit tant a persones amb coneixements t\u00e8cnics com a no t\u00e8cnics. No cal experi\u00e8ncia en enginyeria de programari i ci\u00e8ncia de dades. No obstant aix\u00f2, resulta benefici\u00f3s tenir coneixements de:  <\/p>\n<ul>\n<li>Conceptes b\u00e0sics del n\u00favol<\/li>\n<li>Aplicacions client-servidor<\/li>\n<\/ul>\n<p>Podeu utilitzar Azure AI Fonamentals si voleu preparar-vos per a altres certificacions basades en rols d&#8217;Azure com Azure Data Scientist Associate o Azure AI Engineer Associate, per\u00f2 no \u00e9s un requisit previ per a cap d&#8217;elles.<\/p>\n<p><span class=\"HwtZe\" lang=\"es\"><span class=\"jCAhz ChMk0b\"><span class=\"ryNqvb\">Les aptituds mesurades en aquest examen s\u00f3n les seg\u00fcents:<\/span><\/span><\/span><\/p>\n<ul>\n<li><span class=\"HwtZe\" lang=\"es\"><span class=\"jCAhz ChMk0b\"><span class=\"ryNqvb\">Descripci\u00f3 de les c\u00e0rregues de treball i les consideracions d&#8217;intel\u00b7lig\u00e8ncia artificial (15-20%)<\/span><\/span><\/span><\/li>\n<li><span class=\"HwtZe\" lang=\"es\"><span class=\"jCAhz ChMk0b\"><span class=\"ryNqvb\">Descriure els principis fonamentals de l&#8217;aprenentatge autom\u00e0tic a Azure (20-25 %)<\/span><\/span><\/span><\/li>\n<li><span class=\"HwtZe\" lang=\"es\"><span class=\"jCAhz ChMk0b\"><span class=\"ryNqvb\">Descripci\u00f3 de les caracter\u00edstiques de les c\u00e0rregues de treball de Computer Vision a Azure (15-20%)<\/span><\/span><\/span><\/li>\n<li><span class=\"HwtZe\" lang=\"es\"><span class=\"jCAhz ChMk0b\"><span class=\"ryNqvb\">Descripci\u00f3 de les caracter\u00edstiques de les c\u00e0rregues de treball de processament del llenguatge natural (NLP) a Azure (15-20%)<\/span><\/span><\/span><\/li>\n<li><span class=\"HwtZe\" lang=\"es\"><span class=\"jCAhz ChMk0b\"><span class=\"ryNqvb\">Descriure les caracter\u00edstiques de les c\u00e0rregues de treball de IA generatives a Azure (15\u201320%)<\/span><\/span><\/span><\/li>\n<\/ul>\n<div align=\"justify\">\n<h3>L&#8217;examen:<\/h3>\n<p>L&#8217;examen de certificaci\u00f3 \u00e9s un examen tipus test en espanyol de 50 minuts de durada, amb opcions de resposta innovadores seleccionades.<\/p>\n<p>\u00c9s supervisat remotament i et permet realitzar-lo des de la comoditat de casa teva o oficina amb simple connexi\u00f3 a internet.<\/p>\n<p>Sens dubte, les certificacions Microsoft Fundamentals gaudeixen del reconeixement del sector i obren moltes portes al mercat laboral. Ofereixen formaci\u00f3 b\u00e0sica i ex\u00e0mens que proporcionen informaci\u00f3 general pr\u00e0ctica de la tecnologia de Microsoft i confirmen que tens un coneixement actualitzat dels temes <\/p>\n<div>\n<p>Per a m\u00e9s informaci\u00f3 del certificat, podeu visitar la p\u00e0gina oficial de l&#8217;emissor dels certificats (<a href=\"https:\/\/certiport.pearsonvue.com\/Certifications\/Microsoft\/MCF\/Overview.aspx\" target=\"_blank\" rel=\"noopener\">Certiport Fundamentals<\/a>) per veure totes les certificacions o descarregar els objectius de cada certificaci\u00f3 als seg\u00fcents enlla\u00e7os:<\/p>\n<ul>\n<li><a href=\"https:\/\/learn.microsoft.com\/es-es\/credentials\/certifications\/fundamentals\" target=\"_blank\" rel=\"noopener\">Visi\u00f3 general certificacions Microsoft Fonamentals<\/a><\/li>\n<li><a href=\"https:\/\/www.cetpenedes.cat\/wp-content\/uploads\/fitxa-curs-pagament\/ofertes\/EFH_Gu%C3%ADa%20Certiport%20para%20candidatos%20a%20examen%20(es).pdf\" target=\"_blank\" rel=\"noopener\">Guia Certiport examen<\/a><\/li>\n<li><a href=\"https:\/\/learn.microsoft.com\/es-es\/credentials\/certifications\/azure-ai-fundamentals\/\" target=\"_blank\" rel=\"noopener\">Detall certificaci\u00f3 Microsoft Azure AI Fundamentals<\/a><\/li>\n<li><a href=\"https:\/\/learn.microsoft.com\/es-es\/credentials\/certifications\/resources\/study-guides\/ai-900\" target=\"_blank  \" rel=\"noopener\">Guia d&#8217;estudi de l&#8217;examen AI-900: Aspectes b\u00e0sics de Microsoft Azure AI<\/a><\/li>\n<\/ul>\n<\/div>\n<div>\n<p><a href=\"https:\/\/learn.microsoft.com\/es-es\/credentials\/certifications\/fundamentals\" target=\"_blank\" rel=\"noopener\"><img decoding=\"async\" class=\"wp-image-21095 alignleft\" src=\"https:\/\/www.cetpenedes.es\/wp-content\/uploads\/2023\/11\/180x125xlogo_fundamentals.png.pagespeed.ic.UG1fvL_VGf.webp\" alt=\"Certificat Microsoft Azure Fundamentals\" width=\"180\" height=\"125\" data-pagespeed-url-hash=\"3075140180\"><\/a><\/p>\n<p><a href=\"https:\/\/certiport.pearsonvue.com\/Certifications\/Microsoft\/MCF\/Overview\" target=\"_blank\" rel=\"noopener\"><img decoding=\"async\" class=\"wp-image-21095 alignleft\" src=\"https:\/\/www.cetpenedes.es\/wp-content\/uploads\/2023\/07\/Certiport-logo.png.pagespeed.ce.aXRrdFI93e.png\" alt=\"Certificat Microsoft Azure Fundamentals\" height=\"90\" data-pagespeed-url-hash=\"2573363987\"><\/a><\/p>\n<p>&nbsp;<\/p>\n<p><span style=\"color: #ff0000;\">CET Pened\u00e8s no es fa responsable dels continguts de les preguntes dels ex\u00e0mens Certiport per obtenir la certificaci\u00f3.<\/span><\/p>\n<p>&nbsp;<\/p>\n<\/div>\n<div>\n<h3><\/h3>\n<h3>Certificacions Microsoft Fonamentals existents:<\/h3>\n<ul>\n<li>AZ-900: Microsoft Azure Fundamentals. <a href=\"https:\/\/www.cetpenedes.cat\/producte\/certificat-azure-fundamentals\" target=\"_blank\" rel=\"noopener\">Veure oferta<\/a><\/li>\n<li>DP-900: Microsoft Azure Data Fundamentals. <a href=\"https:\/\/www.cetpenedes.cat\/producte\/certificat-azure-data-fundamentals\" target=\"_blank\" rel=\"noopener\">Veure oferta<\/a><\/li>\n<li>AI-900: Microsoft Azure AI Fundamentals. <a href=\"https:\/\/www.cetpenedes.cat\/producte\/certificat-azure-ai-fundamentals\" target=\"_blank\" rel=\"noopener\">Veure oferta<\/a><\/li>\n<li>MS-900 Microsoft 365 Fundamentals. <a href=\"https:\/\/www.cetpenedes.cat\/producte\/certificat-365-fundamentals\" target=\"_blank\" rel=\"noopener\">Veure oferta<\/a><\/li>\n<li>MB-910: Microsoft Dynamics 365 Fundamentals (CRM). <a href=\"https:\/\/www.cetpenedes.cat\/producte\/certificat-dynamics-365-fundamentals-crm\" target=\"_blank\" rel=\"noopener\">Veure oferta<\/a><\/li>\n<li>MB-920: Microsoft Dynamics 365 Fundamentals (ERP). <a href=\"https:\/\/www.cetpenedes.cat\/producte\/certificat-dynamics-365-fundamentals-erp\" target=\"_blank\" rel=\"noopener\">Veure oferta<\/a><\/li>\n<li>PL-900: Microsoft Power Platform Fundamentals. <a href=\"https:\/\/www.cetpenedes.cat\/producte\/certificat-power-platform-fundamentals\" target=\"_blank\" rel=\"noopener\">Veure oferta<\/a><\/li>\n<li>SC-900: Microsoft Security, Compliance, and Identity Fundamentals. <a href=\"https:\/\/www.cetpenedes.cat\/producte\/certificat-security-compliance-identity-fundamentals\" target=\"_blank\" rel=\"noopener\">Veure oferta<\/a><\/li>\n<\/ul>\n<\/div>\n<\/div>\n","protected":false},"excerpt":{"rendered":"<p class=\"price\">Domini els aspectes b\u00e0sics de la intel\u00b7lig\u00e8ncia artificial a Azure i adquireixi una base per avan\u00e7ar com a professional.<\/p>\n<div class=\"description\">\n<p>Aquesta certificaci\u00f3 mostra els vostres coneixements sobre les c\u00e0rregues de treball comunes d&#8217;intel\u00b7lig\u00e8ncia artificial i aprenentatge autom\u00e0tic i els serveis d&#8217;Azure necessaris per a la seva execuci\u00f3.<br \/>\nEs recomana per a professionals d&#8217;intel\u00b7lig\u00e8ncia artificial que comencen i estudiants que aspiren a ser-ho.<\/p>\n<\/div>\n","protected":false},"featured_media":1396,"template":"","meta":{"_uag_custom_page_level_css":""},"product_brand":[],"product_cat":[100,123,138],"product_tag":[],"class_list":{"0":"post-2538","1":"product","2":"type-product","3":"status-publish","4":"has-post-thumbnail","6":"product_cat-certificacions-oficials","7":"product_cat-microsoft-fundamentals-ca","8":"product_cat-populars","10":"first","11":"instock","12":"featured","13":"purchasable","14":"product-type-variable"},"uagb_featured_image_src":{"full":["https:\/\/cet.academy\/wp-content\/uploads\/2024\/03\/Azure_Data_AI_Fundamentals.jpg",1000,1000,false],"thumbnail":["https:\/\/cet.academy\/wp-content\/uploads\/2024\/03\/Azure_Data_AI_Fundamentals.jpg",150,150,false],"medium":["https:\/\/cet.academy\/wp-content\/uploads\/2024\/03\/Azure_Data_AI_Fundamentals.jpg",300,300,false],"medium_large":["https:\/\/cet.academy\/wp-content\/uploads\/2024\/03\/Azure_Data_AI_Fundamentals.jpg",768,768,false],"large":["https:\/\/cet.academy\/wp-content\/uploads\/2024\/03\/Azure_Data_AI_Fundamentals.jpg",1000,1000,false],"1536x1536":["https:\/\/cet.academy\/wp-content\/uploads\/2024\/03\/Azure_Data_AI_Fundamentals.jpg",1000,1000,false],"2048x2048":["https:\/\/cet.academy\/wp-content\/uploads\/2024\/03\/Azure_Data_AI_Fundamentals.jpg",1000,1000,false],"woocommerce_thumbnail":["https:\/\/cet.academy\/wp-content\/uploads\/2024\/03\/Azure_Data_AI_Fundamentals.jpg",300,300,false],"woocommerce_single":["https:\/\/cet.academy\/wp-content\/uploads\/2024\/03\/Azure_Data_AI_Fundamentals.jpg",600,600,false],"woocommerce_gallery_thumbnail":["https:\/\/cet.academy\/wp-content\/uploads\/2024\/03\/Azure_Data_AI_Fundamentals.jpg",100,100,false],"dgwt-wcas-product-suggestion":["https:\/\/cet.academy\/wp-content\/uploads\/2024\/03\/Azure_Data_AI_Fundamentals.jpg",64,64,false]},"uagb_author_info":{"display_name":"root","author_link":"https:\/\/cet.academy\/ca\/author\/"},"uagb_comment_info":0,"uagb_excerpt":"Domini els aspectes b\u00e0sics de la intel\u00b7lig\u00e8ncia artificial a Azure i adquireixi una base per avan\u00e7ar com a professional. Aquesta certificaci\u00f3 mostra els vostres coneixements sobre les c\u00e0rregues de treball comunes d'intel\u00b7lig\u00e8ncia artificial i aprenentatge autom\u00e0tic i els serveis d'Azure necessaris per a la seva execuci\u00f3. Es recomana per a professionals d'intel\u00b7lig\u00e8ncia artificial que comencen&hellip;","_links":{"self":[{"href":"https:\/\/cet.academy\/ca\/wp-json\/wp\/v2\/product\/2538","targetHints":{"allow":["GET"]}}],"collection":[{"href":"https:\/\/cet.academy\/ca\/wp-json\/wp\/v2\/product"}],"about":[{"href":"https:\/\/cet.academy\/ca\/wp-json\/wp\/v2\/types\/product"}],"version-history":[{"count":0,"href":"https:\/\/cet.academy\/ca\/wp-json\/wp\/v2\/product\/2538\/revisions"}],"wp:featuredmedia":[{"embeddable":true,"href":"https:\/\/cet.academy\/ca\/wp-json\/wp\/v2\/media\/1396"}],"wp:attachment":[{"href":"https:\/\/cet.academy\/ca\/wp-json\/wp\/v2\/media?parent=2538"}],"wp:term":[{"taxonomy":"product_brand","embeddable":true,"href":"https:\/\/cet.academy\/ca\/wp-json\/wp\/v2\/product_brand?post=2538"},{"taxonomy":"product_cat","embeddable":true,"href":"https:\/\/cet.academy\/ca\/wp-json\/wp\/v2\/product_cat?post=2538"},{"taxonomy":"product_tag","embeddable":true,"href":"https:\/\/cet.academy\/ca\/wp-json\/wp\/v2\/product_tag?post=2538"}],"curies":[{"name":"wp","href":"https:\/\/api.w.org\/{rel}","templated":true}]}}