{"id":2302,"date":"2024-03-19T11:25:54","date_gmt":"2024-03-19T10:25:54","guid":{"rendered":"https:\/\/cet.academy\/certificaciones\/certificacio-mos-outlook\/"},"modified":"2024-03-19T11:25:54","modified_gmt":"2024-03-19T10:25:54","slug":"certificacio-mos-outlook","status":"publish","type":"product","link":"https:\/\/cet.academy\/ca\/certificaciones\/certificacio-mos-outlook\/","title":{"rendered":"Certificaci\u00f3 MOS Outlook"},"content":{"rendered":"<table style=\"border-collapse: collapse;\" border=\"1\">\n<tbody>\n<tr>\n<td style=\"background-color: #ec6824; color: white; padding: 20px;\">\n<h4>CONVOCAT\u00d2RIES<\/h4>\n<\/td>\n<td style=\"background-color: #162640; color: white; padding: 20px;\">\u00daltims dimecres laborables del centre de cada mes<\/td>\n<\/tr>\n<tr>\n<td style=\"background-color: #ec6824; color: white; padding: 20px;\">\n<h4>HORARI:<\/h4>\n<\/td>\n<td style=\"background-color: #162640; color: white; padding: 20px;\">10:00 a 13:00 hrs o 16:00 a 19:00 hrs<\/td>\n<\/tr>\n<\/tbody>\n<\/table>\n<div align=\"justify\">\n<h3><strong>OBJECTIUS GENERALS Certificaci\u00f3 MOS Outlook<\/strong><\/h3>\n<ul>\n<li>El candidat de nivell b\u00e0sic per a la Certificaci\u00f3 MOS Outlook ha de tenir coneixements b\u00e0sics de l&#8217;entorn Outlook i la capacitat de completar tasques de forma independent. Tamb\u00e9 han de con\u00e8ixer i demostrar l&#8217;aplicaci\u00f3 correcta de les funcions principals amb Outlook segons la versi\u00f3. Aquest candidat tamb\u00e9 ha de poder crear i editar un llibre amb diversos fulls de c\u00e0lcul per a diverses finalitats i situacions. Els exemples inclouen pressupostos d&#8217;aparen\u00e7a professional, gr\u00e0fics de rendiment de l&#8217;equip, factures de vendes i registres d&#8217;exercicis. Aix\u00ed doncs, els rols dels candidats poden incloure estudiants, personal administratiu, comptables, formadors i altres.    <\/li>\n<\/ul>\n<\/div>\n<h3><strong>T&#8217;AJUDEM EN EL TEU APRENENTATGE<\/strong><\/h3>\n<p align=\"justify\">CET Pened\u00e8s Inclou dues eines per ajudar-te a preparar el teu examen, independentment de si has triat o no, l&#8217;opci\u00f3 \u201csegona oportunitat\u201d.<\/p>\n<ul>\n<li>Curs e-learning oficial Microsoft del certificat que hagis triat, mitjan\u00e7ant la plataforma d&#8217;acc\u00e9s JASPERACTIVE.<\/li>\n<li>Acc\u00e9s al simulador d&#8217;examen oficial de Microsoft per a pr\u00e0ctiques de preguntes i fer test simulant l&#8217;examen de certificaci\u00f3 escollit mitjan\u00e7ant el simulador GMETRIX.<\/li>\n<\/ul>\n<p>&nbsp;<\/p>\n<div>\n<p>No et preocupis si tens dubtes o necessites qualsevol aclariment. <\/p>\n<p>Truca&#8217;ns al +0034 938 90 47 45 de dilluns a divendres de 9:00 a 13:00 i de 16:00 a 20:00.<\/p>\n<p>Escriu-nos a hola@cetpenedes.cat<\/p>\n<\/div>\n<p>&nbsp;<\/p>\n<h3><strong>APTITUDS AVALUADES<\/strong><\/h3>\n<p align=\"justify\">Aquesta llista cont\u00e9 les aptituds que es mesuren a l&#8217;examen associat a aquesta certificaci\u00f3. Per obtenir informaci\u00f3 m\u00e9s detallada, tamb\u00e9 podeu visitar la p\u00e0gina de detalls de l&#8217;examen i descarregar l&#8217;esquema d&#8217;aptituds de l&#8217;examen. <\/p>\n<p align=\"justify\">Outlook 2016<\/p>\n<ul>\n<li>Administrar l&#8217;entorn Outlook per a la productivitat (20-25%).<\/li>\n<li>Administrar missatges (35-40%).<\/li>\n<li>Gestionar horaris (30-35%).<\/li>\n<li>Administrar contactes i grups (10-15%).<\/li>\n<\/ul>\n<p align=\"justify\"><strong>Outlook 2019<\/strong><\/p>\n<ul>\n<li>Administrar la configuraci\u00f3 i els processos d&#8217;Outlook (15-20%).<\/li>\n<li>Administrar missatges (30-35%).<\/li>\n<li>Gestionar horaris (30-35%).<\/li>\n<li>Gestionar contactes i tasques (15-20%).<\/li>\n<\/ul>\n<h3>CONTINGUTS Certificaci\u00f3 MOS Outlook<\/h3>\n<p><a href=\"https:\/\/www.cetpenedes.es\/wp-content\/uploads\/fitxa-curs-pagament\/microsoft-office\/EFH_Gu%C3%ADa%20Certiport%20para%20candidatos%20a%20examen%20(es).pdf\" target=\"_blank\" rel=\"noopener\">Guia per al candidat Certiport examen<\/a><\/p>\n<p><a href=\"https:\/\/www.cetpenedes.es\/wp-content\/uploads\/fitxa-curs-pagament\/microsoft-office\/Habilidades%20certificaci%C3%B3n%20Outlook%202016%20(77-731).pdf\" target=\"_blank\" rel=\"noopener\">Esquema aptituds examen Outlook 2016<\/a><\/p>\n<p><a href=\"https:\/\/www.cetpenedes.es\/wp-content\/uploads\/fitxa-curs-pagament\/microsoft-office\/Habilidades%20certificaci%C3%B3n%20Outlook%202019%20(MO-400).pdf\" target=\"_blank\" rel=\"noopener\">Esquema aptituds examen Outlook 2019<\/a><\/p>\n<div align=\"left\">\n<p><a href=\"https:\/\/learn.microsoft.com\/es-es\/credentials\/certifications\/exams\/mo-400\" target=\"_blank\" rel=\"noopener\"><img decoding=\"async\" class=\"alignnone wp-image- 21095\" src=\"https:\/\/www.cetpenedes.es\/wp-content\/uploads\/2023\/02\/125x125xMicrosoft_exam.png.pagespeed.ic.z-n3XwOebF.webp\" alt=\"\" width=\"127\" height=\"129\" data-pagespeed-url-hash=\"2401160322\"><\/a><img decoding=\"async\" class=\"\" src=\"https:\/\/www.cetpenedes.cat\/wp-content\/uploads\/2023\/11\/MOS.png\" alt=\"Certificaci\u00f3 MOS Outlook\" width=\"226\" height=\"143\"><\/p>\n<p><iframe title=\"YouTube video player\" src=\"https:\/\/www.youtube.com\/embed\/dwuzrhwdpdo\" width=\"560\" height=\"315\" frameborder=\"0\" allowfullscreen=\"allowfullscreen\" data-mce-fragment=\"1\"><\/iframe><\/p>\n<div align=\"justify\">\n<p>Obtenir una Certificaci\u00f3 Microsoft Office Outlook comporta diversos avantatges, que, indubtablement, poden enriquir la teva carrera i tamb\u00e9 les teves capacitats professionals.<\/p>\n<p>En primer lloc, aconseguir aquesta certificaci\u00f3 demostra clarament la teva habilitat en l&#8217;\u00fas d&#8217;aquesta potent eina de fulls de c\u00e0lcul. Aquest fet et proporciona l&#8217;oportunitat de destacar al mercat laboral, ja que, sens dubte, les empreses valoren positivament els candidats amb un domini s\u00f2lid amb Outlook. A m\u00e9s, aquesta certificaci\u00f3 suposa un pas primordial cap al reconeixement oficial de les teves compet\u00e8ncies.  <\/p>\n<p>Un cop obtinguis la certificaci\u00f3 amb Microsoft Office Outlook, sens dubte adquirir\u00e0s la capacitat de dominar funcions avan\u00e7ades amb Outlook, cosa que et permetr\u00e0 treballar amb m\u00e9s efic\u00e0cia en tasques d&#8217;an\u00e0lisi de dades i presentaci\u00f3 d&#8217;informes. Aix\u00f2 pot tenir un impacte molt positiu a la teva productivitat i precisi\u00f3, aspectes crucials en entorns laborals exigents. <\/p>\n<p>A m\u00e9s, l&#8217;obtenci\u00f3 d&#8217;aquesta certificaci\u00f3 us connecta amb una comunitat de professionals d&#8217;Excel, oferint-vos l&#8217;acc\u00e9s a recursos addicionals per seguir aprenent i noves oportunitats de desenvolupament professional.<\/p>\n<p>En resum, obtenir una certificaci\u00f3 a Microsoft Outlook \u00e9s sens dubte una inversi\u00f3 en el teu futur professional, et col\u00b7loca com a professional altament qualificat i et dota d&#8217;eines per millorar l&#8217;efic\u00e0cia i precisi\u00f3 en tasques relacionades amb les dades, cosa que pot tenir un impacte substancial a la teva carrera.<\/p>\n<\/div>\n<\/div>\n","protected":false},"excerpt":{"rendered":"<div align=\"justify\">\n<div class=\"description\">\n<p>Certifica&#8217;t a Microsoft Office Outlook i disposa de les habilitats necess\u00e0ries per aprofitar professionalment el m\u00e0xim d&#8217;aquest aplicatiu.<\/p>\n<\/div>\n<\/div>\n<div align=\"left\">\n<div align=\"justify\">\n<p>&nbsp;<\/p>\n<\/div>\n<\/div>\n","protected":false},"featured_media":1486,"template":"","meta":{"_uag_custom_page_level_css":""},"product_brand":[],"product_cat":[100,121],"product_tag":[],"class_list":{"0":"post-2302","1":"product","2":"type-product","3":"status-publish","4":"has-post-thumbnail","6":"product_cat-certificacions-oficials","7":"product_cat-microsoft-office-ca","9":"first","10":"instock","11":"purchasable","12":"product-type-variable"},"uagb_featured_image_src":{"full":["https:\/\/cet.academy\/wp-content\/uploads\/2024\/03\/Microsoft-Outlook-Specialist.png",1000,1000,false],"thumbnail":["https:\/\/cet.academy\/wp-content\/uploads\/2024\/03\/Microsoft-Outlook-Specialist.png",150,150,false],"medium":["https:\/\/cet.academy\/wp-content\/uploads\/2024\/03\/Microsoft-Outlook-Specialist.png",300,300,false],"medium_large":["https:\/\/cet.academy\/wp-content\/uploads\/2024\/03\/Microsoft-Outlook-Specialist.png",768,768,false],"large":["https:\/\/cet.academy\/wp-content\/uploads\/2024\/03\/Microsoft-Outlook-Specialist.png",1000,1000,false],"1536x1536":["https:\/\/cet.academy\/wp-content\/uploads\/2024\/03\/Microsoft-Outlook-Specialist.png",1000,1000,false],"2048x2048":["https:\/\/cet.academy\/wp-content\/uploads\/2024\/03\/Microsoft-Outlook-Specialist.png",1000,1000,false],"woocommerce_thumbnail":["https:\/\/cet.academy\/wp-content\/uploads\/2024\/03\/Microsoft-Outlook-Specialist.png",300,300,false],"woocommerce_single":["https:\/\/cet.academy\/wp-content\/uploads\/2024\/03\/Microsoft-Outlook-Specialist.png",600,600,false],"woocommerce_gallery_thumbnail":["https:\/\/cet.academy\/wp-content\/uploads\/2024\/03\/Microsoft-Outlook-Specialist.png",100,100,false],"dgwt-wcas-product-suggestion":["https:\/\/cet.academy\/wp-content\/uploads\/2024\/03\/Microsoft-Outlook-Specialist.png",64,64,false]},"uagb_author_info":{"display_name":"root","author_link":"https:\/\/cet.academy\/ca\/author\/"},"uagb_comment_info":0,"uagb_excerpt":"Certifica't a Microsoft Office Outlook i disposa de les habilitats necess\u00e0ries per aprofitar professionalment el m\u00e0xim d'aquest aplicatiu. &nbsp;","_links":{"self":[{"href":"https:\/\/cet.academy\/ca\/wp-json\/wp\/v2\/product\/2302","targetHints":{"allow":["GET"]}}],"collection":[{"href":"https:\/\/cet.academy\/ca\/wp-json\/wp\/v2\/product"}],"about":[{"href":"https:\/\/cet.academy\/ca\/wp-json\/wp\/v2\/types\/product"}],"version-history":[{"count":0,"href":"https:\/\/cet.academy\/ca\/wp-json\/wp\/v2\/product\/2302\/revisions"}],"wp:featuredmedia":[{"embeddable":true,"href":"https:\/\/cet.academy\/ca\/wp-json\/wp\/v2\/media\/1486"}],"wp:attachment":[{"href":"https:\/\/cet.academy\/ca\/wp-json\/wp\/v2\/media?parent=2302"}],"wp:term":[{"taxonomy":"product_brand","embeddable":true,"href":"https:\/\/cet.academy\/ca\/wp-json\/wp\/v2\/product_brand?post=2302"},{"taxonomy":"product_cat","embeddable":true,"href":"https:\/\/cet.academy\/ca\/wp-json\/wp\/v2\/product_cat?post=2302"},{"taxonomy":"product_tag","embeddable":true,"href":"https:\/\/cet.academy\/ca\/wp-json\/wp\/v2\/product_tag?post=2302"}],"curies":[{"name":"wp","href":"https:\/\/api.w.org\/{rel}","templated":true}]}}