{"id":2284,"date":"2024-03-21T12:45:42","date_gmt":"2024-03-21T11:45:42","guid":{"rendered":"https:\/\/cet.academy\/certificaciones\/certificacio-mos-word\/"},"modified":"2025-03-19T16:54:29","modified_gmt":"2025-03-19T15:54:29","slug":"certificacio-mos-word","status":"publish","type":"product","link":"https:\/\/cet.academy\/ca\/certificaciones\/certificacio-mos-word\/","title":{"rendered":"Certificaci\u00f3 MOS Word"},"content":{"rendered":"<table style=\"border-collapse: collapse;\" border=\"1\">\n<tbody>\n<tr>\n<td style=\"background-color: #ec6824; color: white; padding: 20px;\">\n<h4>CONVOCAT\u00d2RIES<\/h4>\n<\/td>\n<td style=\"background-color: #162640; color: white; padding: 20px;\">\u00daltims dimecres laborables del centre de cada mes<\/td>\n<\/tr>\n<tr>\n<td style=\"background-color: #ec6824; color: white; padding: 20px;\">\n<h4>HORARI:<\/h4>\n<\/td>\n<td style=\"background-color: #162640; color: white; padding: 20px;\">10:00 a 13:00 hrs o 16:00 a 19:00 hrs<\/td>\n<\/tr>\n<\/tbody>\n<\/table>\n<div align=\"justify\">\n<h3>OBJECTIUS GENERALS Certificaci\u00f3 MOS Word<\/h3>\n<ul>\n<li>El candidat de nivell b\u00e0sic per a la Certificaci\u00f3 MOS Word ha de tenir coneixements b\u00e0sics de l&#8217;entorn Word i la capacitat de completar tasques de forma independent. Tamb\u00e9 han de con\u00e8ixer i demostrar l&#8217;aplicaci\u00f3 correcta de les funcions principals de Word segons la versi\u00f3. Aquest candidat tamb\u00e9 ha de poder crear i editar un llibre amb diversos documents per a diverses finalitats i situacions. Entre els exemples s&#8217;hi inclouen informes d&#8217;aspectes professionals, butlletins amb diverses columnes, curr\u00edculums i correspond\u00e8ncia empresarial. Aix\u00ed doncs, els rols dels candidats poden incloure estudiants, personal administratiu, comptables, formadors i altres.    <\/li>\n<\/ul>\n<\/div>\n<h3>T&#8217;AJUDEM EN EL TEU APRENENTATGE<\/h3>\n<p align=\"justify\">CET Pened\u00e8s Inclou dues eines per ajudar-te a preparar el teu examen, independentment de si has triat o no, l&#8217;opci\u00f3 \u201csegona oportunitat\u201d.<\/p>\n<ul>\n<li>Curs e-learning oficial Microsoft del certificat que hagis triat, mitjan\u00e7ant la plataforma d&#8217;acc\u00e9s JASPERACTIVE.<\/li>\n<li>Acc\u00e9s al simulador d&#8217;examen oficial de Microsoft per a pr\u00e0ctiques de preguntes i fer test simulant l&#8217;examen de certificaci\u00f3 escollit mitjan\u00e7ant el simulador GMETRIX.<\/li>\n<\/ul>\n<p>&nbsp;<\/p>\n<div>\n<p>No et preocupis si tens dubtes o necessites qualsevol aclariment. <\/p>\n<p>Truca&#8217;ns al +0034 938 90 47 45 de dilluns a divendres de 9:00 a 13:00 i de 16:00 a 20:00.<\/p>\n<p>Escriu-nos a hola@cetpenedes.cat<\/p>\n<\/div>\n<p>&nbsp;<\/p>\n<h3>APTITUDS AVALUADES<\/h3>\n<p align=\"justify\">Aquesta llista cont\u00e9 les aptituds que es mesuren a l&#8217;examen associat a aquesta certificaci\u00f3. Per obtenir informaci\u00f3 m\u00e9s detallada, tamb\u00e9 podeu visitar la p\u00e0gina de detalls de l&#8217;examen i descarregar l&#8217;esquema d&#8217;aptituds de l&#8217;examen. <\/p>\n<p align=\"justify\"><strong>Word 2016<\/strong><\/p>\n<ul>\n<li>Crear i gestionar documents (25-30%).<\/li>\n<li>Donar format al text, par\u00e0grafs i seccions (25-30%).<\/li>\n<li>Crear taules i tamb\u00e9 llistes (20-25%).<\/li>\n<li>Crear i gestionar refer\u00e8ncies (5-10%).<\/li>\n<li>Inserir i formatar elements gr\u00e0fics (20-25%).<\/li>\n<\/ul>\n<p align=\"justify\"><strong>Aptituds Word 2019<\/strong><\/p>\n<ul>\n<li>Gestionar documents (20-25%).<\/li>\n<li>Inserir i donar format a text, par\u00e0grafs i seccions (20-25%).<\/li>\n<li>Administrar taules i llistes (15-20%).<\/li>\n<li>Crear i gestionar refer\u00e8ncies (5-10%).<\/li>\n<li>Inserir i formatar elements gr\u00e0fics (15-20%).<\/li>\n<li>Gestionar la col\u00b7laboraci\u00f3 de documents (5\u201310%).<\/li>\n<\/ul>\n<h3>CONTINGUTS Certificaci\u00f3 MOS Word<\/h3>\n<p><a href=\"https:\/\/www.cetpenedes.es\/wp-content\/uploads\/fitxa-curs-pagament\/microsoft-office\/EFH_Gu%C3%ADa%20Certiport%20para%20candidatos%20a%20examen%20(es).pdf\" target=\"_blank\" rel=\"noopener\">Guia per al candidat Certiport examen<\/a><\/p>\n<p><a href=\"https:\/\/www.cetpenedes.es\/wp-content\/uploads\/fitxa-curs-pagament\/microsoft-office\/Habilidades%20certificaci%C3%B3n%20Word%202016%20(77-725).pdf\" target=\"_blank\" rel=\"noopener\">Relaci\u00f3 aptituds examen Word 2016<\/a><\/p>\n<p><a href=\"https:\/\/www.cetpenedes.es\/wp-content\/uploads\/fitxa-curs-pagament\/microsoft-office\/Habilidades%20certificaci%C3%B3n%20Word%202019%20(MO-100).pdf\" target=\"_blank\" rel=\"noopener\">Relaci\u00f3 aptituds examen Word 2019<\/a><\/p>\n<div align=\"left\">\n<p><a href=\"https:\/\/learn.microsoft.com\/es-es\/credentials\/certifications\/exams\/mo-100\" target=\"_blank\" rel=\"noopener\"><img decoding=\"async\" class=\"alignnone wp-image- 21095\" src=\"https:\/\/www.cetpenedes.cat\/wp-content\/uploads\/2023\/02\/Microsoft_exam.png\" alt=\"\" width=\"125\" height=\"125\" data-pagespeed-url-hash=\"2651823002\"><\/a><a href=\"https:\/\/support.microsoft.com\/es-es\/topic\/obtenga-una-certificaci%C3%B3n-de-microsoft-office-specialist-mos-0885c944-167c-51ea-1cdc-8f65952bd1b8\" target=\"_blank\" rel=\"noopener\"><img decoding=\"async\" class=\"alignnone wp-image-28509\" src=\"https:\/\/www.cetpenedes.cat\/wp-content\/uploads\/2023\/11\/MOS.png\" sizes=\"(max-width: 250px) 100vw, 250px\" srcset=\"https:\/\/www.cetpenedes.es\/wp-content\/uploads\/2023\/11\/xMOS.png.pagespeed.ic.EeClKMB7pr.webp 373w, https:\/\/www.cetpenedes.es\/wp-content\/uploads\/2023\/11\/xMOS-300x191.png.pagespeed.ic.2ZfIrHKkUU.webp 300w, https:\/\/www.cetpenedes.es\/wp-content\/uploads\/2023\/11\/xMOS-64x41.png.pagespeed.ic.fOSFOnwtEp.webp 64w\" alt=\"Certificaci\u00f3 MOS Word\" width=\"250\" height=\"159\" data-pagespeed-url-hash=\"73403079\"><\/a><\/p>\n<\/div>\n<p>&nbsp;<\/p>\n<p><iframe title=\"YouTube video player\" src=\"https:\/\/www.youtube.com\/embed\/dwuzrhwdpdo\" width=\"560\" height=\"315\" frameborder=\"0\" allowfullscreen=\"allowfullscreen\" data-mce-fragment=\"1\"><\/iframe><\/p>\n<div align=\"justify\">\n<p>Obtenir una certificaci\u00f3 Microsoft Office Word comporta diversos avantatges, que, indubtablement, poden enriquir la teva carrera i tamb\u00e9 les teves capacitats professionals.<\/p>\n<p>En primer lloc, aconseguir aquesta certificaci\u00f3 demostra clarament la teva habilitat en l&#8217;\u00fas d&#8217;aquesta eina potent de processament de textos. Aquest fet et proporciona l&#8217;oportunitat de destacar en el mercat laboral, ja que, sens dubte, les empreses valoren positivament els candidats amb un s\u00f2lid domini de Word. A m\u00e9s, aquesta certificaci\u00f3 suposa un pas primordial cap al reconeixement oficial de les teves compet\u00e8ncies.  <\/p>\n<p>Quan obtinguis la certificaci\u00f3 amb Microsoft Office Word, sens dubte, adquirir\u00e0s la capacitat de dominar funcions avan\u00e7ades de Word, la qual cosa et permetr\u00e0 treballar amb m\u00e9s efic\u00e0cia en tasques de presentaci\u00f3 d&#8217;informes. Aix\u00f2 pot tenir un impacte molt positiu a la teva productivitat i precisi\u00f3, aspectes crucials en entorns laborals exigents. <\/p>\n<p>A m\u00e9s, l&#8217;obtenci\u00f3 d&#8217;aquesta certificaci\u00f3 us connecta amb una comunitat de professionals amb Word, oferint-vos l&#8217;acc\u00e9s a recursos addicionals per seguir aprenent i noves oportunitats de desenvolupament professional.<\/p>\n<p>En resum, obtenir una certificaci\u00f3 a Microsoft Word \u00e9s una inversi\u00f3 en el teu futur professional, et col\u00b7loca com a professional altament qualificat i et dota d&#8217;eines per millorar l&#8217;efic\u00e0cia i precisi\u00f3 en tasques relacionades amb el processament de textos, cosa que pot tenir un impacte substancial a la teva carrera.<\/p>\n<\/div>\n","protected":false},"excerpt":{"rendered":"<div class=\"description\">\n<p>Certifica&#8217;t a Microsoft Office Excel Expert i demostra que disposes de les habilitats necess\u00e0ries per aprofitar professionalment el m\u00e0xim d&#8217;aquest aplicatiu.<\/p>\n<\/div>\n","protected":false},"featured_media":1501,"template":"","meta":{"_uag_custom_page_level_css":""},"product_brand":[],"product_cat":[100,121],"product_tag":[],"class_list":{"0":"post-2284","1":"product","2":"type-product","3":"status-publish","4":"has-post-thumbnail","6":"product_cat-certificacions-oficials","7":"product_cat-microsoft-office-ca","9":"first","10":"instock","11":"purchasable","12":"product-type-variable"},"uagb_featured_image_src":{"full":["https:\/\/cet.academy\/wp-content\/uploads\/2024\/03\/Microsoft-Word-Specialist.png",1000,1000,false],"thumbnail":["https:\/\/cet.academy\/wp-content\/uploads\/2024\/03\/Microsoft-Word-Specialist.png",150,150,false],"medium":["https:\/\/cet.academy\/wp-content\/uploads\/2024\/03\/Microsoft-Word-Specialist.png",300,300,false],"medium_large":["https:\/\/cet.academy\/wp-content\/uploads\/2024\/03\/Microsoft-Word-Specialist.png",768,768,false],"large":["https:\/\/cet.academy\/wp-content\/uploads\/2024\/03\/Microsoft-Word-Specialist.png",1000,1000,false],"1536x1536":["https:\/\/cet.academy\/wp-content\/uploads\/2024\/03\/Microsoft-Word-Specialist.png",1000,1000,false],"2048x2048":["https:\/\/cet.academy\/wp-content\/uploads\/2024\/03\/Microsoft-Word-Specialist.png",1000,1000,false],"woocommerce_thumbnail":["https:\/\/cet.academy\/wp-content\/uploads\/2024\/03\/Microsoft-Word-Specialist.png",300,300,false],"woocommerce_single":["https:\/\/cet.academy\/wp-content\/uploads\/2024\/03\/Microsoft-Word-Specialist.png",600,600,false],"woocommerce_gallery_thumbnail":["https:\/\/cet.academy\/wp-content\/uploads\/2024\/03\/Microsoft-Word-Specialist.png",100,100,false],"dgwt-wcas-product-suggestion":["https:\/\/cet.academy\/wp-content\/uploads\/2024\/03\/Microsoft-Word-Specialist.png",64,64,false]},"uagb_author_info":{"display_name":"root","author_link":"https:\/\/cet.academy\/ca\/author\/"},"uagb_comment_info":0,"uagb_excerpt":"Certifica't a Microsoft Office Excel Expert i demostra que disposes de les habilitats necess\u00e0ries per aprofitar professionalment el m\u00e0xim d'aquest aplicatiu.","_links":{"self":[{"href":"https:\/\/cet.academy\/ca\/wp-json\/wp\/v2\/product\/2284","targetHints":{"allow":["GET"]}}],"collection":[{"href":"https:\/\/cet.academy\/ca\/wp-json\/wp\/v2\/product"}],"about":[{"href":"https:\/\/cet.academy\/ca\/wp-json\/wp\/v2\/types\/product"}],"version-history":[{"count":1,"href":"https:\/\/cet.academy\/ca\/wp-json\/wp\/v2\/product\/2284\/revisions"}],"predecessor-version":[{"id":2504,"href":"https:\/\/cet.academy\/ca\/wp-json\/wp\/v2\/product\/2284\/revisions\/2504"}],"wp:featuredmedia":[{"embeddable":true,"href":"https:\/\/cet.academy\/ca\/wp-json\/wp\/v2\/media\/1501"}],"wp:attachment":[{"href":"https:\/\/cet.academy\/ca\/wp-json\/wp\/v2\/media?parent=2284"}],"wp:term":[{"taxonomy":"product_brand","embeddable":true,"href":"https:\/\/cet.academy\/ca\/wp-json\/wp\/v2\/product_brand?post=2284"},{"taxonomy":"product_cat","embeddable":true,"href":"https:\/\/cet.academy\/ca\/wp-json\/wp\/v2\/product_cat?post=2284"},{"taxonomy":"product_tag","embeddable":true,"href":"https:\/\/cet.academy\/ca\/wp-json\/wp\/v2\/product_tag?post=2284"}],"curies":[{"name":"wp","href":"https:\/\/api.w.org\/{rel}","templated":true}]}}