{"id":2254,"date":"2024-03-21T12:45:44","date_gmt":"2024-03-21T11:45:44","guid":{"rendered":"https:\/\/cet.academy\/certificaciones\/certificacio-csb-english-for-it-2\/"},"modified":"2024-03-21T12:45:44","modified_gmt":"2024-03-21T11:45:44","slug":"certificacio-csb-english-for-it-2","status":"publish","type":"product","link":"https:\/\/cet.academy\/ca\/certificaciones\/certificacio-csb-english-for-it-2\/","title":{"rendered":"Certificaci\u00f3 CSB \u2013 English for IT"},"content":{"rendered":"<div align=\"justify\">\n<h3>OBJECTIUS GENERALS<\/h3>\n<p align=\"justify\"> L&#8217;examen d&#8217;angl\u00e8s per a TI de Comunicaci\u00f3 Skills for Business (CSB) verifica la capacitat d&#8217;un candidat per treballar en un entorn inform\u00e0tic o en un treball inform\u00e0tic de nivell d&#8217;entrada amb angl\u00e8s. Avalua el coneixement de la compet\u00e8ncia en angl\u00e8s en un entorn relacionat amb les TIC i tamb\u00e9 mesura: <\/p>\n<ul>\n<li>Escoltar \u2013 Un oient h\u00e0bil pot escoltar entre l\u00ednies i ajudar la gent a resoldre preguntes, q\u00fcestions i problemes relacionats amb projectes de tecnologia de la informaci\u00f3.<\/li>\n<li>Lectura \u2013 Tant si es tracta d&#8217;entendre les especificacions d&#8217;un client com de buscar una soluci\u00f3 a un problema en l\u00ednia, \u00e9s essencial poder llegir en angl\u00e8s a un nivell alt.<\/li>\n<li>\u00das de l&#8217;angl\u00e8s \u2013 L&#8217;\u00fas de l&#8217;angl\u00e8s fa refer\u00e8ncia a les maneres convencionals en qu\u00e8 s&#8217;utilitzen, parlen o escriuen paraules o frases en un entorn relacionat amb les TIC.<\/li>\n<\/ul>\n<p><iframe title=\"CSB English for IT Certification Overview\" src=\"https:\/\/www.youtube.com\/embed\/vHH_ZuBElEo\" width=\"450\" height=\"253\" frameborder=\"0\" allowfullscreen=\"allowfullscreen\" data-mce-fragment=\"1\"><\/iframe><\/p>\n<h3>L&#8217;EXAMEN<\/h3>\n<p align=\"justify\"> L&#8217;examen CSB d&#8217;angl\u00e8s per a TI fa servir preguntes de lectura basada en escenaris, respostes seleccionades i \u00e0udio. \u00c9s un examen de 90 minuts amb aproximadament 60 preguntes. \u00c9s per aix\u00f2 que una persona que es prepari per fer aquest examen ha de tenir aproximadament 150 hores d&#8217;instrucci\u00f3 i\/o experi\u00e8ncia pr\u00e0ctica en compet\u00e8ncia en angl\u00e8s en un entorn relacionat amb les TIC.  <\/p>\n<p align=\"justify\"> Cal destacar que l&#8217;examen d&#8217;angl\u00e8s per a TI \u00e9s una gran eina per a una \u00e0mplia gamma de candidats, no nom\u00e9s per a aquells que tenen inter\u00e8s en els camps de la tecnologia de la informaci\u00f3. En aquest sentit, qualsevol persona que necessiti treballar amb la TI, ja sigui amb especialistes de TI com a programadors o administradors de xarxa, han de poder comunicar-se efica\u00e7ment amb aquestes persones. Fins i tot, una persona que simplement utilitza un ordinador en el seu treball es beneficiar\u00e0 d&#8217;una versatilitat m\u00e9s gran en el domini de l&#8217;angl\u00e8s i la terminologia inform\u00e0tica.  <\/p>\n<p align=\"justify\">A m\u00e9s, CET Pened\u00e8s inclou als seus productes de certificaci\u00f3, poder fer simulacions d&#8217;examen.<\/p>\n<p align=\"justify\">Aquest producte us ofereix una segona oportunitat per aprovar el vostre examen de certificaci\u00f3. Si no aproves en el teu primer intent, no et preocupis, simplement perfecciona les teves habilitats i torna a examinar-te quan tornis a estar preparat. <\/p>\n<p><img decoding=\"async\" src=\"https:\/\/www.cetpenedes.cat\/wp-content\/uploads\/2023\/07\/segunda_oportunidad_es.png\" alt=\"Communication Skill for business - Segona oportunitat examen\" width=\"442\" height=\"380  \" data-pagespeed-url-hash=\"1588723475\"><\/p>\n<h3>A QUI VA DIRIGIT?<\/h3>\n<p>L&#8217;examen est\u00e0, sens dubte, adre\u00e7at als seg\u00fcents p\u00fablics objectiu no nadius de parla anglesa:<\/p>\n<ul>\n<li>Estudiants de grau mitj\u00e0, grau superior i professionals de les TIC al principi de la carrera professional.<\/li>\n<li>Desenvolupadors de programari, enginyers de xarxa, enginyers de seguretat, gestors de productes i suport inform\u00e0tic que volen treballar en un entorn internacional i multicultural.<\/li>\n<li>Especialistes inform\u00e0tics que volen comen\u00e7ar a treballar a empreses multinacionals o de parla anglesa.<\/li>\n<li>Tamb\u00e9 treballadors no inform\u00e0tics que treballen al sector inform\u00e0tic.<\/li>\n<\/ul>\n<p align=\"justify\"> El nivell de compet\u00e8ncia objectiu per als candidats que fan aquest examen \u00e9s B2 al MCER i 59-75 a l&#8217;escala global d&#8217;angl\u00e8s. <a href=\"https:\/\/www.cetpenedes.cat\/wp-content\/uploads\/fitxa-curs-pagament\/csb\/CSB_Professional_Communication_Objectives_Spanish.pdf\" target=\"_blank\" rel=\"noopener\">Els objectius de l&#8217;examen<\/a> descriuen el nivell de coneixements que necessita un candidat per aprovar l&#8217;examen d&#8217;angl\u00e8s per a TI. <\/p>\n<\/div>\n<h3>T&#8217;AJUDEM EN EL TEU APRENENTATGE<\/h3>\n<p align=\"justify\"> Independentment si heu triat o no, l&#8217;opci\u00f3 \u201cSegon intent\u201d, per ajudar-vos a preparar el vostre examen, CET Pened\u00e8s inclou tamb\u00e9, acc\u00e9s al simulador d&#8217;examen oficial per a pr\u00e0ctiques de preguntes i realitzar test simulant l&#8217;examen de certificaci\u00f3 escollit mitjan\u00e7ant el simulador GMETRIX:<\/p>\n<p>&nbsp;<\/p>\n<div>\n<p>No et preocupis si tens dubtes o necessites qualsevol aclariment. <\/p>\n<p>Truca&#8217;ns al +0034 938 90 47 45 de dilluns a divendres de 9:00 a 13:00 i de 16:00 a 20:00 h. (UTC Espanya). <\/p>\n<p>Escriu-nos a hola@cetpenedes.cat<\/p>\n<\/div>\n<p>&nbsp;<\/p>\n<h3>APTITUDS AVALUADES<\/h3>\n<p align=\"justify\"> A continuaci\u00f3, aquesta llista cont\u00e9 les aptituds que es mesuren a l&#8217;examen associat a la Certificaci\u00f3 Communication Skills for Business \u2013 English for IT. Per obtenir informaci\u00f3 m\u00e9s detallada, baixeu l&#8217;esquema d&#8217;aptituds de l&#8217;examen Continguts. <\/p>\n<p>\u00daS DE L&#8217;ANGL\u00c8S<\/p>\n<ul>\n<li>Interpretar i implementar instruccions, directrius i materials de formaci\u00f3.<\/li>\n<li>Elaborar les sol\u00b7licituds adequades d&#8217;informaci\u00f3 i comentaris.<\/li>\n<li>Actualitzar els companys sobre temes relacionats amb la feina.<\/li>\n<li>Incorporar metes i objectius a l&#8217;entorn laboral.<\/li>\n<li>Defensar un punt de vista.<\/li>\n<\/ul>\n<p>ESCOLTA<\/p>\n<ul>\n<li>Identificar les preocupacions sobre un problema, producte o servei o situaci\u00f3 empresarial.<\/li>\n<li>Examineu la informaci\u00f3 clau d&#8217;una conversa.<\/li>\n<li>Participar en discussions i converses, intercanviant informaci\u00f3 quan calgui.<\/li>\n<\/ul>\n<p>LECTURA<\/p>\n<ul>\n<li>Analitzar i prioritzar opinions i recomanacions.<\/li>\n<li>Analitzar informaci\u00f3 real de diverses fonts.<\/li>\n<li>Avaluar la informaci\u00f3 de diverses fonts.<\/li>\n<li>Identificar un problema i la causa, i identificar solucions.<\/li>\n<\/ul>\n<h3>CONTINGUTS<\/h3>\n<p><a href=\"https:\/\/www.cetpenedes.es\/wp-content\/uploads\/fitxa-curs-pagament\/csb\/CSB_English_for_IT_Objectives.pdf\" target=\"_blank  \" rel=\"noopener\">Objectius de l&#8217;examen English for IT<\/a><\/p>\n<p><a href=\"https:\/\/www.cetpenedes.es\/wp-content\/uploads\/fitxa-curs-pagament\/csb\/CSB_English_for_IT_Datasheet.pdf\" target=\"_blank  \" rel=\"noopener\">Fitxa t\u00e8cnica English for IT<\/a><\/p>\n<div align=\"left\">\n<p><a href=\"https:\/\/certiport.pearsonvue.com\/Certifications\/CSB\/Certification\/Overview\" target=\"_blank\" rel=\"noopener\"><img decoding=\"async\" class=\"alignnone wp-image-21095\" src=\"https:\/\/www.cetpenedes.es\/wp-content\/uploads\/2023\/07\/200x75xCSB-logo.png.pagespeed.ic.8TcexuXdqR.webp\" alt=\"Certificaci\u00f3 Communication Skills for Business\" width=\"200\" height=\"75\" data-pagespeed-url-hash=\"3721341679\">     <\/a> <a href=\"https:\/\/www.certiport.com\/\" target=\"_blank\" rel=\"noopener\"><img decoding=\"async\" class=\"alignnone wp-image-21095\" src=\"https:\/\/www.cetpenedes.es\/wp-content\/uploads\/2023\/07\/Certiport-logo.png.pagespeed.ce.aXRrdFI93e.png\" alt=\"Certificaci\u00f3 Communication Skills for Business\" width=\"300\" height=\"90\" data-pagespeed-url-hash=\"2573363987\"><\/a><\/p>\n<\/div>\n","protected":false},"excerpt":{"rendered":"<div align=\"justify\"><strong>Examen + segona oportunitat + pr\u00e0ctiques<\/strong><\/div>\n<div align=\"justify\">\n<p>Verifica les teves habilitats amb flu\u00efdesa en angl\u00e8s t\u00e8cnic, per comunicar-te de manera efectiva amb clients i companys de feina. El programa Communication Skills for Business inclou dos ex\u00e0mens de certificaci\u00f3 diferents: <\/p>\n<ul>\n<li>English for IT<\/li>\n<li>Professional Comunication<\/li>\n<\/ul>\n<p>L&#8217;examen d&#8217;angl\u00e8s per a TI verifica la capacitat d&#8217;alg\u00fa per funcionar en un entorn de treball de nivell inicial relacionat amb TI al nivell d&#8217;angl\u00e8s B2\/GSE 59-75. L&#8217;examen posa a prova les habilitats de lectura i escolta. <\/p>\n<p>Disposeu d&#8217;un segon intent d&#8217;examen en cas de no superar el primer intent.<\/p>\n<\/div>\n","protected":false},"featured_media":1426,"template":"","meta":{"_uag_custom_page_level_css":""},"product_brand":[],"product_cat":[100,124],"product_tag":[],"class_list":{"0":"post-2254","1":"product","2":"type-product","3":"status-publish","4":"has-post-thumbnail","6":"product_cat-certificacions-oficials","7":"product_cat-skills-for-business-ca","9":"first","10":"instock","11":"purchasable","12":"product-type-simple"},"uagb_featured_image_src":{"full":["https:\/\/cet.academy\/wp-content\/uploads\/2024\/03\/CSB_english_2_oportunidad_es.png",1440,1440,false],"thumbnail":["https:\/\/cet.academy\/wp-content\/uploads\/2024\/03\/CSB_english_2_oportunidad_es.png",150,150,false],"medium":["https:\/\/cet.academy\/wp-content\/uploads\/2024\/03\/CSB_english_2_oportunidad_es.png",300,300,false],"medium_large":["https:\/\/cet.academy\/wp-content\/uploads\/2024\/03\/CSB_english_2_oportunidad_es.png",768,768,false],"large":["https:\/\/cet.academy\/wp-content\/uploads\/2024\/03\/CSB_english_2_oportunidad_es.png",1024,1024,false],"1536x1536":["https:\/\/cet.academy\/wp-content\/uploads\/2024\/03\/CSB_english_2_oportunidad_es.png",1440,1440,false],"2048x2048":["https:\/\/cet.academy\/wp-content\/uploads\/2024\/03\/CSB_english_2_oportunidad_es.png",1440,1440,false],"woocommerce_thumbnail":["https:\/\/cet.academy\/wp-content\/uploads\/2024\/03\/CSB_english_2_oportunidad_es.png",300,300,false],"woocommerce_single":["https:\/\/cet.academy\/wp-content\/uploads\/2024\/03\/CSB_english_2_oportunidad_es.png",600,600,false],"woocommerce_gallery_thumbnail":["https:\/\/cet.academy\/wp-content\/uploads\/2024\/03\/CSB_english_2_oportunidad_es.png",100,100,false],"dgwt-wcas-product-suggestion":["https:\/\/cet.academy\/wp-content\/uploads\/2024\/03\/CSB_english_2_oportunidad_es.png",64,64,false]},"uagb_author_info":{"display_name":"root","author_link":"https:\/\/cet.academy\/ca\/author\/"},"uagb_comment_info":0,"uagb_excerpt":"Examen + segona oportunitat + pr\u00e0ctiques Verifica les teves habilitats amb flu\u00efdesa en angl\u00e8s t\u00e8cnic, per comunicar-te de manera efectiva amb clients i companys de feina. El programa Communication Skills for Business inclou dos ex\u00e0mens de certificaci\u00f3 diferents: English for IT Professional Comunication L'examen d'angl\u00e8s per a TI verifica la capacitat d'alg\u00fa per funcionar en&hellip;","_links":{"self":[{"href":"https:\/\/cet.academy\/ca\/wp-json\/wp\/v2\/product\/2254","targetHints":{"allow":["GET"]}}],"collection":[{"href":"https:\/\/cet.academy\/ca\/wp-json\/wp\/v2\/product"}],"about":[{"href":"https:\/\/cet.academy\/ca\/wp-json\/wp\/v2\/types\/product"}],"version-history":[{"count":0,"href":"https:\/\/cet.academy\/ca\/wp-json\/wp\/v2\/product\/2254\/revisions"}],"wp:featuredmedia":[{"embeddable":true,"href":"https:\/\/cet.academy\/ca\/wp-json\/wp\/v2\/media\/1426"}],"wp:attachment":[{"href":"https:\/\/cet.academy\/ca\/wp-json\/wp\/v2\/media?parent=2254"}],"wp:term":[{"taxonomy":"product_brand","embeddable":true,"href":"https:\/\/cet.academy\/ca\/wp-json\/wp\/v2\/product_brand?post=2254"},{"taxonomy":"product_cat","embeddable":true,"href":"https:\/\/cet.academy\/ca\/wp-json\/wp\/v2\/product_cat?post=2254"},{"taxonomy":"product_tag","embeddable":true,"href":"https:\/\/cet.academy\/ca\/wp-json\/wp\/v2\/product_tag?post=2254"}],"curies":[{"name":"wp","href":"https:\/\/api.w.org\/{rel}","templated":true}]}}