{"id":2248,"date":"2024-03-21T12:45:44","date_gmt":"2024-03-21T11:45:44","guid":{"rendered":"https:\/\/cet.academy\/certificaciones\/certificat-365-fonamentals\/"},"modified":"2024-03-21T12:45:44","modified_gmt":"2024-03-21T11:45:44","slug":"certificat-365-fonamentals","status":"publish","type":"product","link":"https:\/\/cet.academy\/ca\/certificaciones\/certificat-365-fonamentals\/","title":{"rendered":"Certificat 365 Fonamentals"},"content":{"rendered":"<div align=\"justify\">\n<h3>Dirigit a:<\/h3>\n<ul>\n<li>Professionals t\u00e8cnics per aconseguir la confian\u00e7a necess\u00e0ria per obtenir millors rols a la seva organitzaci\u00f3 i poder avan\u00e7ar a liderar projectes m\u00e9s grans.<\/li>\n<li>Estudiants per obrir les portes professionals amb la certificaci\u00f3 d&#8217;un dels principals prove\u00efdors tecnol\u00f2gics.<\/li>\n<li>Professionals empresarials per aprendre les caracter\u00edstiques i els conceptes i aix\u00ed poder ser m\u00e9s efica\u00e7 en la comunicaci\u00f3 amb professionals t\u00e8cnics.<\/li>\n<\/ul>\n<\/div>\n<h3>T&#8217;ajudem en el teu aprenentatge<\/h3>\n<p align=\"justify\"> CET Pened\u00e8s inclou eines per ajudar-vos a preparar el vostre examen, independentment de si heu triat o no, l&#8217;opci\u00f3 \u201csegona oportunitat\u201d.<\/p>\n<ul>\n<li>Acc\u00e9s al simulador d&#8217;examen oficial de Microsoft per a pr\u00e0ctiques de preguntes i fer test simulant l&#8217;examen de certificaci\u00f3 escollit mitjan\u00e7ant el simulador GMETRIX.<\/li>\n<\/ul>\n<p>&nbsp;<\/p>\n<div>\n<p>No et preocupis si tens dubtes o necessites qualsevol aclariment. <\/p>\n<p>Truca&#8217;ns al +0034 938 90 47 45 de dilluns a divendres de 9:00 a 13:00 i de 16:00 a 20:00.<\/p>\n<p>Escriu-nos a hola@cetpenedes.cat<\/p>\n<\/div>\n<p>&nbsp;<\/p>\n<h3>Aptituds avaluades:<\/h3>\n<p>Aquest examen est\u00e0 dissenyat, si vols demostrar un coneixement b\u00e0sic de les solucions basades en el n\u00favol per facilitar la productivitat i col\u00b7laboraci\u00f3 in situ, a casa o en una combinaci\u00f3 de tots dos. Com a candidat, pots: <\/p>\n<ul>\n<li>Tenir coneixements sobre solucions basades al n\u00favol.<\/li>\n<li>Ser nou a Microsoft 365.<\/li>\n<\/ul>\n<p>Podeu utilitzar aquest examen per preparar-vos per a altres certificacions de Microsoft, per\u00f2 no \u00e9s un requisit previ per a les certificacions relacionades.<\/p>\n<p>Com a candidat, has de ser capa\u00e7 de recomanar solucions de Microsoft 365 que tractin els desafiaments comuns de TI de lorganitzaci\u00f3. Has de comprendre com les solucions de Microsoft 365 que: <\/p>\n<ul>\n<li>Milloren la productivitat.<\/li>\n<li>Faciliten la col\u00b7laboraci\u00f3.<\/li>\n<li>Optimitzen les comunicacions.<\/li>\n<li>Ajuden a protegir dades.<\/li>\n<li>Identifiquen i faciliten el compliment.<\/li>\n<\/ul>\n<p>Has de poder recomanar solucions per a:<\/p>\n<ul>\n<li>Administraci\u00f3 d&#8217;aplicacions i de punts de connexi\u00f3.<\/li>\n<li>Virtualitzaci\u00f3 descriptori.<\/li>\n<li>Implementaci\u00f3 autom\u00e0tica del sistema operatiu.<\/li>\n<li>Informes i an\u00e0lisi.<\/li>\n<\/ul>\n<p>Has d&#8217;estar familiaritzat amb les llic\u00e8ncies de Microsoft 365, assist\u00e8ncia d&#8217;implementaci\u00f3 i migraci\u00f3 i opcions de suport t\u00e8cnic per a les organitzacions que busquen maximitzar la teva inversi\u00f3 al n\u00favol.<\/p>\n<p><span class=\"HwtZe\" lang=\"es\"><span class=\"jCAhz ChMk0b\"><span class=\"ryNqvb\">Les aptituds mesurades en aquest examen s\u00f3n les seg\u00fcents:<\/span><\/span><\/span><\/p>\n<ul>\n<li><span class=\"HwtZe\" lang=\"es\"><span class=\"jCAhz ChMk0b\"><span class=\"ryNqvb\">Descripci\u00f3 de les c\u00e0rregues de treball i les consideracions d&#8217;intel\u00b7lig\u00e8ncia artificial (15-20%).<\/span><\/span><\/span><\/li>\n<li><span class=\"HwtZe\" lang=\"es\"><span class=\"jCAhz ChMk0b\"><span class=\"ryNqvb\">Descriure els principis fonamentals de l&#8217;aprenentatge autom\u00e0tic a Azure (20-25%).<\/span><\/span><\/span><\/li>\n<li><span class=\"HwtZe\" lang=\"es\"><span class=\"jCAhz ChMk0b\"><span class=\"ryNqvb\">Descripci\u00f3 de les caracter\u00edstiques de les c\u00e0rregues de treball de Computer Vision a Azure (15-20%).<\/span><\/span><\/span><\/li>\n<li><span class=\"HwtZe\" lang=\"es\"><span class=\"jCAhz ChMk0b\"><span class=\"ryNqvb\">Descripci\u00f3 de les caracter\u00edstiques de les c\u00e0rregues de treball de processament del llenguatge natural (NLP) a Azure (15-20%).<\/span><\/span><\/span><\/li>\n<li><span class=\"HwtZe\" lang=\"es\"><span class=\"jCAhz ChMk0b\"><span class=\"ryNqvb\">Descriure les caracter\u00edstiques de les c\u00e0rregues de treball de IA generatives a Azure (15-20%).<\/span><\/span><\/span><\/li>\n<\/ul>\n<div align=\"justify\">\n<h3>L&#8217;examen:<\/h3>\n<p>L&#8217;examen de certificaci\u00f3 \u00e9s un examen tipus test en espanyol de 50 minuts de durada amb opcions de resposta innovadores seleccionades.<\/p>\n<p>\u00c9s supervisat remotament i et permet realitzar-lo des de la comoditat de casa teva o oficina amb simple connexi\u00f3 a internet.<\/p>\n<p>Sens dubte, les certificacions Microsoft fonamentals, gaudeixen del reconeixement del sector i obren moltes portes al mercat laboral. Ofereixen formaci\u00f3 b\u00e0sica i ex\u00e0mens que proporcionen informaci\u00f3 general pr\u00e0ctica de la tecnologia de Microsoft i confirmen que tens un coneixement actualitzat dels temes. <\/p>\n<div>\n<p>Per a m\u00e9s informaci\u00f3 del certificat, podeu visitar la p\u00e0gina oficial de l&#8217;emissor dels certificats (<a href=\"https:\/\/certiport.pearsonvue.com\/Certifications\/Microsoft\/MCF\/Overview.aspx\" target=\"_blank\" rel=\"noopener\">Certiport Fundamentals<\/a>) per veure totes les certificacions o descarregar els objectius de cada certificaci\u00f3 als seg\u00fcents enlla\u00e7os:<\/p>\n<ul>\n<li><a href=\"https:\/\/learn.microsoft.com\/es-es\/credentials\/certifications\/fundamentals\" target=\"_blank\" rel=\"noopener\">Visi\u00f3 general de les certificacions Microsoft Fonamentals<\/a><\/li>\n<li><a href=\"https:\/\/www.cetpenedes.cat\/wp-content\/uploads\/fitxa-curs-pagament\/ofertes\/EFH_Gu%C3%ADa%20Certiport%20para%20candidatos%20a%20examen%20(es).pdf\" target=\"_blank\" rel=\"noopener\">Guia Certiport examen.<\/a><\/li>\n<li><a href=\"https:\/\/learn.microsoft.com\/es-es\/credentials\/certifications\/microsoft-365-fundamentals\/\" target=\"_blank\" rel=\"noopener\">Detall certificaci\u00f3 Microsoft 365 Fonamentals<\/a><\/li>\n<li><a href=\"https:\/\/learn.microsoft.com\/es-es\/credentials\/certifications\/resources\/study-guides\/ms-900\" target=\"_blank  \" rel=\"noopener\">Guia destudi de lexamen MS-900: Aspectes b\u00e0sics de Microsoft 365 Fonamentals.<\/a><\/li>\n<\/ul>\n<\/div>\n<div>\n<p><a href=\"https:\/\/learn.microsoft.com\/es-es\/credentials\/certifications\/fundamentals\" target=\"_blank\" rel=\"noopener\"><img decoding=\"async\" class=\"wp-image-21095 alignleft\" src=\"https:\/\/www.cetpenedes.es\/wp-content\/uploads\/2023\/11\/180x125xlogo_fundamentals.png.pagespeed.ic.UG1fvL_VGf.webp\" alt=\"Certificat Microsoft Azure Fundamentals\" width=\"180\" height=\"125\" data-pagespeed-url-hash=\"3075140180\"><\/a><\/p>\n<p><a href=\"https:\/\/certiport.pearsonvue.com\/Certifications\/Microsoft\/MCF\/Overview\" target=\"_blank\" rel=\"noopener\"><img decoding=\"async\" class=\"wp-image-21095 alignleft\" src=\"https:\/\/www.cetpenedes.es\/wp-content\/uploads\/2023\/07\/Certiport-logo.png.pagespeed.ce.aXRrdFI93e.png\" alt=\"Certificat Microsoft Azure Fundamentals\" height=\"90\" data-pagespeed-url-hash=\"2573363987\"><\/a><\/p>\n<p>&nbsp;<\/p>\n<p><span style=\"color: #ff0000;\">CET Pened\u00e8s no es fa responsable dels continguts de les preguntes dels ex\u00e0mens Certiport per obtenir la certificaci\u00f3.<\/span><\/p>\n<p>&nbsp;<\/p>\n<\/div>\n<div>\n<h3><\/h3>\n<h3>Certificacions Microsoft Fonamentals existents:<\/h3>\n<ul>\n<li>AZ-900: Microsoft Azure Fundamentals. <a href=\"https:\/\/www.cetpenedes.cat\/producte\/certificat-azure-fundamentals\" target=\"_blank\" rel=\"noopener\">Veure oferta<\/a><\/li>\n<li>DP-900: Microsoft Azure Data Fundamentals. <a href=\"https:\/\/www.cetpenedes.cat\/producte\/certificat-azure-data-fundamentals\" target=\"_blank\" rel=\"noopener\">Veure oferta<\/a><\/li>\n<li>AI-900: Microsoft Azure AI Fundamentals. <a href=\"https:\/\/www.cetpenedes.cat\/producte\/certificat-azure-ai-fundamentals\" target=\"_blank\" rel=\"noopener\">Veure oferta<\/a><\/li>\n<li>MS-900 Microsoft 365 Fundamentals. <a href=\"https:\/\/www.cetpenedes.cat\/producte\/certificat-365-fundamentals\" target=\"_blank\" rel=\"noopener\">Veure oferta<\/a><\/li>\n<li>MB-910: Microsoft Dynamics 365 Fundamentals (CRM). <a href=\"https:\/\/www.cetpenedes.cat\/producte\/certificat-dynamics-365-fundamentals-crm\" target=\"_blank\" rel=\"noopener\">Veure oferta<\/a><\/li>\n<li>MB-920: Microsoft Dynamics 365 Fundamentals (ERP). <a href=\"https:\/\/www.cetpenedes.cat\/producte\/certificat-dynamics-365-fundamentals-erp\" target=\"_blank\" rel=\"noopener\">Veure oferta<\/a><\/li>\n<li>PL-900: Microsoft Power Platform Fundamentals. <a href=\"https:\/\/www.cetpenedes.cat\/producte\/certificat-power-platform-fundamentals\" target=\"_blank\" rel=\"noopener\">Veure oferta<\/a><\/li>\n<li>SC-900: Microsoft Security, Compliance, and Identity Fundamentals. <a href=\"https:\/\/www.cetpenedes.cat\/producte\/certificat-security-compliance-identity-fundamentals\" target=\"_blank\" rel=\"noopener\">Veure oferta<\/a><\/li>\n<\/ul>\n<\/div>\n<\/div>\n","protected":false},"excerpt":{"rendered":"<p>Demostri el coneixement de les aplicacions d&#8217;Office, Microsoft Teams, Microsoft Viva i tot all\u00f2 que Microsoft 365 t\u00e9 per millorar la productivitat i la col\u00b7laboraci\u00f3 en entorns de treball h\u00edbrids amb aquesta certificaci\u00f3 pr\u00e0ctica.<\/p>\n","protected":false},"featured_media":1401,"template":"","meta":{"_uag_custom_page_level_css":""},"product_brand":[],"product_cat":[100,123],"product_tag":[],"class_list":{"0":"post-2248","1":"product","2":"type-product","3":"status-publish","4":"has-post-thumbnail","6":"product_cat-certificacions-oficials","7":"product_cat-microsoft-fundamentals-ca","9":"first","10":"instock","11":"purchasable","12":"product-type-variable"},"uagb_featured_image_src":{"full":["https:\/\/cet.academy\/wp-content\/uploads\/2024\/03\/365_Fundamentals.jpg",1000,1000,false],"thumbnail":["https:\/\/cet.academy\/wp-content\/uploads\/2024\/03\/365_Fundamentals.jpg",150,150,false],"medium":["https:\/\/cet.academy\/wp-content\/uploads\/2024\/03\/365_Fundamentals.jpg",300,300,false],"medium_large":["https:\/\/cet.academy\/wp-content\/uploads\/2024\/03\/365_Fundamentals.jpg",768,768,false],"large":["https:\/\/cet.academy\/wp-content\/uploads\/2024\/03\/365_Fundamentals.jpg",1000,1000,false],"1536x1536":["https:\/\/cet.academy\/wp-content\/uploads\/2024\/03\/365_Fundamentals.jpg",1000,1000,false],"2048x2048":["https:\/\/cet.academy\/wp-content\/uploads\/2024\/03\/365_Fundamentals.jpg",1000,1000,false],"woocommerce_thumbnail":["https:\/\/cet.academy\/wp-content\/uploads\/2024\/03\/365_Fundamentals.jpg",300,300,false],"woocommerce_single":["https:\/\/cet.academy\/wp-content\/uploads\/2024\/03\/365_Fundamentals.jpg",600,600,false],"woocommerce_gallery_thumbnail":["https:\/\/cet.academy\/wp-content\/uploads\/2024\/03\/365_Fundamentals.jpg",100,100,false],"dgwt-wcas-product-suggestion":["https:\/\/cet.academy\/wp-content\/uploads\/2024\/03\/365_Fundamentals.jpg",64,64,false]},"uagb_author_info":{"display_name":"root","author_link":"https:\/\/cet.academy\/ca\/author\/"},"uagb_comment_info":0,"uagb_excerpt":"Demostri el coneixement de les aplicacions d'Office, Microsoft Teams, Microsoft Viva i tot all\u00f2 que Microsoft 365 t\u00e9 per millorar la productivitat i la col\u00b7laboraci\u00f3 en entorns de treball h\u00edbrids amb aquesta certificaci\u00f3 pr\u00e0ctica.","_links":{"self":[{"href":"https:\/\/cet.academy\/ca\/wp-json\/wp\/v2\/product\/2248","targetHints":{"allow":["GET"]}}],"collection":[{"href":"https:\/\/cet.academy\/ca\/wp-json\/wp\/v2\/product"}],"about":[{"href":"https:\/\/cet.academy\/ca\/wp-json\/wp\/v2\/types\/product"}],"version-history":[{"count":0,"href":"https:\/\/cet.academy\/ca\/wp-json\/wp\/v2\/product\/2248\/revisions"}],"wp:featuredmedia":[{"embeddable":true,"href":"https:\/\/cet.academy\/ca\/wp-json\/wp\/v2\/media\/1401"}],"wp:attachment":[{"href":"https:\/\/cet.academy\/ca\/wp-json\/wp\/v2\/media?parent=2248"}],"wp:term":[{"taxonomy":"product_brand","embeddable":true,"href":"https:\/\/cet.academy\/ca\/wp-json\/wp\/v2\/product_brand?post=2248"},{"taxonomy":"product_cat","embeddable":true,"href":"https:\/\/cet.academy\/ca\/wp-json\/wp\/v2\/product_cat?post=2248"},{"taxonomy":"product_tag","embeddable":true,"href":"https:\/\/cet.academy\/ca\/wp-json\/wp\/v2\/product_tag?post=2248"}],"curies":[{"name":"wp","href":"https:\/\/api.w.org\/{rel}","templated":true}]}}