{"id":2243,"date":"2024-03-21T12:45:44","date_gmt":"2024-03-21T11:45:44","guid":{"rendered":"https:\/\/cet.academy\/certificaciones\/certificat-azure-fundamentals\/"},"modified":"2024-03-21T12:45:44","modified_gmt":"2024-03-21T11:45:44","slug":"certificat-azure-fundamentals","status":"publish","type":"product","link":"https:\/\/cet.academy\/ca\/certificaciones\/certificat-azure-fundamentals\/","title":{"rendered":"Certificat Azure Fundamentals"},"content":{"rendered":"<table style=\"border-collapse: collapse;\" border=\"1\">\n<tbody>\n<tr>\n<td style=\"background-color: #ec6824; color: white; padding: 20px;\">\n<h4><span style=\"font-weight: bold; color: #ffffff;\">IDIOMES EXAMEN:<\/span><\/h4>\n<\/td>\n<td style=\"background-color: #162640; color: white; padding: 20px;\">\u00daltims dimecres laborables del centre de cada mes<\/td>\n<\/tr>\n<tr>\n<td style=\"background-color: #ec6824; color: white; padding: 20px;\">\n<h4><span style=\"font-weight: bold; color: #ffffff;\"> HORARI:<\/span><\/h4>\n<\/td>\n<td style=\"background-color: #162640; color: white; padding: 20px;\"> 10:00 a 13:00 hrs o 16:00 a 19:00 hrs<\/td>\n<\/tr>\n<\/tbody>\n<\/table>\n<div align=\"justify\">\n<h3>Dirigit a:<\/h3>\n<ul>\n<li>Professionals t\u00e8cnics per aconseguir la confian\u00e7a necess\u00e0ria per obtenir millors rols a la seva organitzaci\u00f3 i poder avan\u00e7ar a liderar projectes m\u00e9s grans.<\/li>\n<li>Estudiants per obrir les portes professionals amb la certificaci\u00f3 d&#8217;un dels principals prove\u00efdors tecnol\u00f2gics.<\/li>\n<li>Professionals empresarials per aprendre les caracter\u00edstiques i els conceptes i aix\u00ed poder ser m\u00e9s efica\u00e7 en la comunicaci\u00f3 amb professionals t\u00e8cnics.<\/li>\n<\/ul>\n<\/div>\n<h3>T&#8217;ajudem en el teu aprenentatge<\/h3>\n<p align=\"justify\">CET Pened\u00e8s inclou eines per ajudar-vos a preparar el vostre examen, independentment de si heu triat o no, l&#8217;opci\u00f3 \u201csegona oportunitat\u201d.<\/p>\n<ul>\n<li>Acc\u00e9s al simulador d&#8217;examen oficial de Microsoft per a pr\u00e0ctiques de preguntes i fer test simulant l&#8217;examen de certificaci\u00f3 escollit mitjan\u00e7ant el simulador GMETRIX.<\/li>\n<\/ul>\n<p>&nbsp;<\/p>\n<div>\n<p>No et preocupis si tens dubtes o necessites qualsevol aclariment. <\/p>\n<p>Truca&#8217;ns al +0034 938 90 47 45 de dilluns a divendres de 9:00 a 13:00 i de 16:00 a 20:00.<\/p>\n<p>Escriu-nos a hola@cetpenedes.cat<\/p>\n<\/div>\n<p>&nbsp;<\/p>\n<h3>Aptituds avaluades:<\/h3>\n<p align=\"justify\">Aquesta llista cont\u00e9 les aptituds que es mesuren a l&#8217;examen associat a aquesta certificaci\u00f3. Per obtenir informaci\u00f3 m\u00e9s detallada, tamb\u00e9 podeu visitar la p\u00e0gina de detalls de l&#8217;examen i descarregar l&#8217;esquema d&#8217;aptituds de l&#8217;examen. <\/p>\n<p align=\"justify\">Els candidats a aquest examen tenen aptituds i experi\u00e8ncia treballant en una \u00e0rea de tecnologia de la informaci\u00f3 (TI), com ara l&#8217;administraci\u00f3 d&#8217;infraestructures, l&#8217;administraci\u00f3 de bases de dades o el desenvolupament de programari.<\/p>\n<ul>\n<li>Descripci\u00f3 dels conceptes del n\u00favol (25-30%).<\/li>\n<li>Descripci\u00f3 de l&#8217;arquitectura i serveis d&#8217;Azure (35-40%).<\/li>\n<li>Descripci\u00f3 de l&#8217;administraci\u00f3 i la governan\u00e7a d&#8217;Azure (30-35%).<\/li>\n<\/ul>\n<div align=\"justify\">\n<h3>L&#8217;examen:<\/h3>\n<p>L&#8217;examen de certificaci\u00f3 \u00e9s un examen tipus test en espanyol de 50 minuts de durada amb opcions de resposta innovadores seleccionades.<\/p>\n<p>\u00c9s supervisat remotament i et permet realitzar-lo des de la comoditat de casa teva o oficina amb simple connexi\u00f3 a internet.<\/p>\n<p>Sens dubte, les certificacions Microsoft fonamentals gaudeixen del reconeixement del sector i obren moltes portes al mercat laboral. Ofereixen formaci\u00f3 b\u00e0sica i ex\u00e0mens que proporcionen informaci\u00f3 general pr\u00e0ctica de la tecnologia de Microsoft i confirmen que tens un coneixement actualitzat dels temes <\/p>\n<div>\n<p>Per a m\u00e9s informaci\u00f3 del certificat, podeu visitar la p\u00e0gina oficial de l&#8217;emissor dels certificats (<a href=\"https:\/\/certiport.pearsonvue.com\/Certifications\/Microsoft\/MCF\/Overview.aspx\" target=\"_blank\" rel=\"noopener\">Certiport Fundamentals<\/a>) per veure totes les certificacions o descarregar els objectius de cada certificaci\u00f3 als seg\u00fcents enlla\u00e7os:<\/p>\n<ul>\n<li><a href=\"https:\/\/learn.microsoft.com\/es-es\/credentials\/certifications\/fundamentals\" target=\"_blank\" rel=\"noopener\">Visi\u00f3 general certificacions Microsoft Fundamentals<\/a><\/li>\n<li><a href=\"https:\/\/www.cetpenedes.cat\/wp-content\/uploads\/fitxa-curs-pagament\/ofertes\/EFH_Gu%C3%ADa%20Certiport%20para%20candidatos%20a%20examen%20(es%20).pdf\" target=\"_blank\" rel=\"noopener\">Guia Certiport examen<\/a><\/li>\n<li><a href=\"https:\/\/learn.microsoft.com\/es-es\/credentials\/certifications\/azure-fundamentals\/\" target=\"_blank\" rel=\"noopener\">Detall certificaci\u00f3 Microsoft Azure Fundamentals<\/a><\/li>\n<li><a href=\"https:\/\/learn.microsoft.com\/es-es\/credentials\/certifications\/resources\/study-guides\/az-900\" target=\"_blank  \" rel=\"noopener\">Guia d&#8217;estudi de l&#8217;examen AZ-900: Aspectes b\u00e0sics de Microsoft Azure<\/a><\/li>\n<\/ul>\n<\/div>\n<div>\n<p><a href=\"https:\/\/learn.microsoft.com\/es-es\/credentials\/certifications\/fundamentals\" target=\"_blank\" rel=\"noopener\"><img decoding=\"async\" class=\"wp-image-21095 alignleft\" src=\"https:\/\/www.cetpenedes.es\/wp-content\/uploads\/2023\/11\/180x125xlogo_fundamentals.png.pagespeed.ic.UG1fvL_VGf.webp\" alt=\"Certificat Microsoft Azure Fundamentals\" width=\"180\" height=\"125\" data-pagespeed-url-hash=\"3075140180\"><\/a><\/p>\n<p><a href=\"https:\/\/certiport.pearsonvue.com\/Certifications\/Microsoft\/MCF\/Overview\" target=\"_blank\" rel=\"noopener\"><img decoding=\"async\" class=\"wp-image-21095 alignleft\" src=\"https:\/\/www.cetpenedes.es\/wp-content\/uploads\/2023\/07\/Certiport-logo.png.pagespeed.ce.aXRrdFI93e.png\" alt=\"Certificat Microsoft Azure Fundamentals\" height=\"90\" data-pagespeed-url-hash=\"2573363987\"><\/a><\/p>\n<p>&nbsp;<\/p>\n<p><span style=\"color: #ff0000;\">CET Academy no es fa responsable dels continguts de les preguntes dels ex\u00e0mens Certiport per obtenir la certificaci\u00f3.<\/span><\/p>\n<p>&nbsp;<\/p>\n<\/div>\n<div>\n<h3><\/h3>\n<h3>Certificacions Microsoft Fonamentals existents:<\/h3>\n<ul>\n<li>AZ-900: Microsoft Azure Fonamentals.<a href=\"https:\/\/www.cetpenedes.es\/producto\/certificado-azure-fundamentals\" target=\"_blank\" rel=\"noopener\"> Veure oferta<\/a><\/li>\n<li>DP-900: Microsoft Azure Data Fundamentals.<a href=\"https:\/\/www.cetpenedes.es\/producto\/certificado-azure-data-fundamentals\" target=\"_blank\" rel=\"noopener\"> Veure oferta<\/a><\/li>\n<li>AI-900: Microsoft Azure AI Fundamentals.<a href=\"https:\/\/www.cetpenedes.es\/producto\/certificado-azure-ai-fundamentals\" target=\"_blank\" rel=\"noopener\"> Veure oferta<\/a><\/li>\n<li>MS-900: Microsoft 365 Fundamentals.<a href=\"https:\/\/www.cetpenedes.es\/producto\/certificado-365-fundamentals\" target=\"_blank\" rel=\"noopener\"> Veure oferta<\/a><\/li>\n<li>MB-910: Microsoft Dynamics 365 Fundamentals(CRM).<a href=\"https:\/\/www.cetpenedes.es\/producto\/certificado-dynamics-365-fundamentals-crm\" target=\"_blank\" rel=\"noopener\"> Veure oferta<\/a><\/li>\n<li>MB-920: Microsoft Dynamics 365 Fundamentals(ERP).<a href=\"https:\/\/www.cetpenedes.es\/producto\/certificado-dynamics-365-fundamentals-erp\" target=\"_blank\" rel=\"noopener\"> Veure oferta<\/a><\/li>\n<li>PL-900: Microsoft Power Platform Fundamentals.<a href=\"https:\/\/www.cetpenedes.es\/producto\/certificado-power-platform-fundamentals\" target=\"_blank\" rel=\"noopener\"> Veure oferta<\/a><\/li>\n<li>SC-900: Microsoft Security, Compliance, and Identity Fundamentals.<a href=\"https:\/\/www.cetpenedes.es\/producto\/certificado-security-compliance-identity-fundamentals\" target=\"_blank\" rel=\"noopener\"> Veure oferta<\/a><\/li>\n<\/ul>\n<\/div>\n<\/div>\n","protected":false},"excerpt":{"rendered":"<p class=\"price\">Conegueu els conceptes de la inform\u00e0tica al n\u00favol, la gamma de serveis d&#8217;Azure i les difer\u00e8ncies entre els n\u00favols p\u00fablics, privats i h\u00edbrids. Recomanat per a professionals del n\u00favol que estan comen\u00e7ant i estudiants que aspiren a ser-ho. <\/p>\n","protected":false},"featured_media":1386,"template":"","meta":{"_uag_custom_page_level_css":""},"product_brand":[],"product_cat":[100,123],"product_tag":[],"class_list":{"0":"post-2243","1":"product","2":"type-product","3":"status-publish","4":"has-post-thumbnail","6":"product_cat-certificacions-oficials","7":"product_cat-microsoft-fundamentals-ca","9":"first","10":"instock","11":"purchasable","12":"product-type-variable"},"uagb_featured_image_src":{"full":["https:\/\/cet.academy\/wp-content\/uploads\/2024\/03\/Azure_Fundamentals.jpg",1000,1000,false],"thumbnail":["https:\/\/cet.academy\/wp-content\/uploads\/2024\/03\/Azure_Fundamentals.jpg",150,150,false],"medium":["https:\/\/cet.academy\/wp-content\/uploads\/2024\/03\/Azure_Fundamentals.jpg",300,300,false],"medium_large":["https:\/\/cet.academy\/wp-content\/uploads\/2024\/03\/Azure_Fundamentals.jpg",768,768,false],"large":["https:\/\/cet.academy\/wp-content\/uploads\/2024\/03\/Azure_Fundamentals.jpg",1000,1000,false],"1536x1536":["https:\/\/cet.academy\/wp-content\/uploads\/2024\/03\/Azure_Fundamentals.jpg",1000,1000,false],"2048x2048":["https:\/\/cet.academy\/wp-content\/uploads\/2024\/03\/Azure_Fundamentals.jpg",1000,1000,false],"woocommerce_thumbnail":["https:\/\/cet.academy\/wp-content\/uploads\/2024\/03\/Azure_Fundamentals.jpg",300,300,false],"woocommerce_single":["https:\/\/cet.academy\/wp-content\/uploads\/2024\/03\/Azure_Fundamentals.jpg",600,600,false],"woocommerce_gallery_thumbnail":["https:\/\/cet.academy\/wp-content\/uploads\/2024\/03\/Azure_Fundamentals.jpg",100,100,false],"dgwt-wcas-product-suggestion":["https:\/\/cet.academy\/wp-content\/uploads\/2024\/03\/Azure_Fundamentals.jpg",64,64,false]},"uagb_author_info":{"display_name":"root","author_link":"https:\/\/cet.academy\/ca\/author\/"},"uagb_comment_info":0,"uagb_excerpt":"Conegueu els conceptes de la inform\u00e0tica al n\u00favol, la gamma de serveis d'Azure i les difer\u00e8ncies entre els n\u00favols p\u00fablics, privats i h\u00edbrids. Recomanat per a professionals del n\u00favol que estan comen\u00e7ant i estudiants que aspiren a ser-ho.","_links":{"self":[{"href":"https:\/\/cet.academy\/ca\/wp-json\/wp\/v2\/product\/2243","targetHints":{"allow":["GET"]}}],"collection":[{"href":"https:\/\/cet.academy\/ca\/wp-json\/wp\/v2\/product"}],"about":[{"href":"https:\/\/cet.academy\/ca\/wp-json\/wp\/v2\/types\/product"}],"version-history":[{"count":0,"href":"https:\/\/cet.academy\/ca\/wp-json\/wp\/v2\/product\/2243\/revisions"}],"wp:featuredmedia":[{"embeddable":true,"href":"https:\/\/cet.academy\/ca\/wp-json\/wp\/v2\/media\/1386"}],"wp:attachment":[{"href":"https:\/\/cet.academy\/ca\/wp-json\/wp\/v2\/media?parent=2243"}],"wp:term":[{"taxonomy":"product_brand","embeddable":true,"href":"https:\/\/cet.academy\/ca\/wp-json\/wp\/v2\/product_brand?post=2243"},{"taxonomy":"product_cat","embeddable":true,"href":"https:\/\/cet.academy\/ca\/wp-json\/wp\/v2\/product_cat?post=2243"},{"taxonomy":"product_tag","embeddable":true,"href":"https:\/\/cet.academy\/ca\/wp-json\/wp\/v2\/product_tag?post=2243"}],"curies":[{"name":"wp","href":"https:\/\/api.w.org\/{rel}","templated":true}]}}