{"id":2238,"date":"2024-03-21T12:45:44","date_gmt":"2024-03-21T11:45:44","guid":{"rendered":"https:\/\/cet.academy\/certificaciones\/certificacio-it-specialist-html-y-css\/"},"modified":"2025-03-25T15:18:37","modified_gmt":"2025-03-25T14:18:37","slug":"certificacio-it-specialist-html-y-css","status":"publish","type":"product","link":"https:\/\/cet.academy\/ca\/certificaciones\/certificacio-it-specialist-html-y-css\/","title":{"rendered":"Certificaci\u00f3 IT Specialist \u2013 HTML y CSS"},"content":{"rendered":"<table style=\"border-collapse: collapse;\" border=\"1\">\n<tbody>\n<tr>\n<td style=\"background-color: #ec6824; color: white; padding: 20px;\">\n<h4><span style=\"vertical-align: inherit;\"><span style=\"vertical-align: inherit;\">TRUCADES<\/span><\/span><\/h4>\n<\/td>\n<td style=\"background-color: #162640; color: white; padding: 20px;\">\u00daltims dimecres laborables del centre de cada mes<\/td>\n<\/tr>\n<tr>\n<td style=\"background-color: #ec6824; color: white; padding: 20px;\">\n<h4><span style=\"vertical-align: inherit;\"><span style=\"vertical-align: inherit;\">TEMPS:<\/span><\/span><\/h4>\n<\/td>\n<td style=\"background-color: #162640; color: white; padding: 20px;\"><span style=\"vertical-align: inherit;\"><span style=\"vertical-align: inherit;\">10:00 a 13:00 hrs o 16:00 a 19:00 hrs<\/span><\/span><\/td>\n<\/tr>\n<\/tbody>\n<\/table>\n<div align=\"justify\">\n<h3>OBJECTIUS GENERALS CERTIFICACI\u00d3 IT SPECIALIST HTML i CSS<\/h3>\n<p>El programa despecialista en Tecnologia de la Informaci\u00f3 \u00e9s sens dubte una forma de validar les habilitats b\u00e0siques de TI buscades pels ocupadors. Est\u00e0 dirigit a candidats que considerin o inici\u00efn una carrera en tecnologies de la informaci\u00f3. Els candidats poden certificar els coneixements en programaci\u00f3 HTML i CSS.<\/p>\n<h3>L&#8217;EXAMEN<\/h3>\n<p>L&#8217;examen de Certificaci\u00f3 IT Specialist HTML i CSS \u00e9s un examen tipus test amb opcions de resposta innovadores seleccionades. Els candidats a aquest examen hauran de ser capa\u00e7os de recon\u00e8ixer i escriure de forma sint\u00e0cticament correcta HTML i CSS, estructurar dades mitjan\u00e7ant elements HTML i crear i aplicar estils mitjan\u00e7ant CSS.<\/p>\n<p>Aix\u00ed, \u00e9s un examen de 50 minuts amb 42 preguntes. S&#8217;espera que els candidats tinguin almenys 150 hores d&#8217;instrucci\u00f3 o experi\u00e8ncia pr\u00e0ctica amb HTML i CSS, estiguin familiaritzats amb funcions i capacitats, i s\u00e0piguen com escriure, depurar i mantenir codi HTML i CSS ben format. Per superar amb \u00e8xit la prova, el candidat tamb\u00e9 haur\u00e0 de posseir els seg\u00fcents coneixements i aptituds previs:<\/p>\n<ul>\n<li>Coneixements inform\u00e0tics b\u00e0sics i tamb\u00e9 funcionalitat del sistema operatiu.<\/li>\n<li>Capacitat de pensament cr\u00edtic.<\/li>\n<li>Coneixements de lectura de 2n d&#8217;ESO.<\/li>\n<\/ul>\n<p>El nivell de compet\u00e8ncia esperat per a l&#8217;examen amb programaci\u00f3 HTML i CSS es pot assolir mitjan\u00e7ant proves d&#8217;aprenentatge i pr\u00e0ctiques Aquest nivell de coneixements necessaris per aprovar l&#8217;examen tamb\u00e9 \u00e9s la base de tots els materials d&#8217;aprenentatge, proves pr\u00e0ctiques i ex\u00e0mens de certificaci\u00f3.<\/p>\n<p align=\"justify\">A m\u00e9s, CET Pened\u00e8s inclou als seus productes de certificaci\u00f3, poder fer simulacions d&#8217;examen.<\/p>\n<\/div>\n<h3>T&#8217;AJUDEM EN EL TEU APRENENTATGE<\/h3>\n<p align=\"justify\">Per ajudar-vos a preparar la vostra certificaci\u00f3, CET Pened\u00e8s inclou acc\u00e9s al simulador d&#8217;examen oficial per a pr\u00e0ctiques, a m\u00e9s de poder realitzar el test simulant l&#8217;examen de certificaci\u00f3 escollit mitjan\u00e7ant el simulador GMETRIX.<\/p>\n<h3>APTITUDS AVALUADES<\/h3>\n<p align=\"justify\">A continuaci\u00f3, aquesta llista cont\u00e9 algunes de les aptituds que es mesuren a l&#8217;examen associat a la Certificaci\u00f3 IT Specialist. Per obtenir informaci\u00f3 m\u00e9s detallada, baixeu l&#8217;esquema d&#8217;aptituds de l&#8217;examen de l&#8217;apartat Continguts.<\/p>\n<ul>\n<li><span style=\"vertical-align: inherit;\"><span style=\"vertical-align: inherit;\">Etiquetes de metadades: script, noscript, estil, enlla\u00e7\u2026<\/span><\/span><\/li>\n<li>Estructura del document HTML: DOCTYPE, html, head, body\u2026<\/li>\n<li>Analitza i implementa estils en l\u00ednia, estils interns i tamb\u00e9 fulls d&#8217;estil externs.<\/li>\n<li>Crear i analitzar regles destil: selectors.<\/li>\n<li>Crear i analitzar etiquetes per a l&#8217;estructura i l&#8217;organitzaci\u00f3 del contingut.<\/li>\n<li>Etiquetes sem\u00e0ntiques de HTML 5.<\/li>\n<\/ul>\n<h3>CONTINGUTS Certificaci\u00f3 IT Specialist HTML i CSS<\/h3>\n<p>Per a m\u00e9s informaci\u00f3 del certificat, podeu visitar la p\u00e0gina oficial de l&#8217;emissor dels certificats (Certiport) per veure totes les certificacions o descarregar els objectius de cada certificaci\u00f3 als seg\u00fcents enlla\u00e7os:<\/p>\n<ul>\n<li><a href=\"https:\/\/certiport.pearsonvue.com\/Certifications\/ITSpecialist\/Certification\/Overview\" target=\"_blank\" rel=\"noopener\">Certificacions certiport IT Specialist.<\/a><\/li>\n<li><a href=\"https:\/\/www.cetpenedes.cat\/wp-content\/uploads\/fitxa-curs-pagament\/ofertes\/EFH_Gu%C3%ADa%20Certiport%20para%20candidatos%20a%20examen%20(es%20).pdf\" target=\"_blank\" rel=\"noopener\">Guia Certiport examen.<\/a><\/li>\n<li><a href=\"https:\/\/www.cetpenedes.cat\/wp-content\/uploads\/fitxa-curs-pagament\/ofertes\/ITS%20OD%20301%20HTML%20and%20CSS%201023-%20es.pdf\" target=\"_blank\" rel=\"noopener\">Objectius del Certificat HTML and CSS (Castell\u00e0).<\/a><\/li>\n<li><a href=\"https:\/\/www.cetpenedes.cat\/wp-content\/uploads\/fitxa-curs-pagament\/ofertes\/ITS%20OD%20301%20HTML%20and%20CSS%201023.%20pdf\" target=\"_blank\" rel=\"noopener\">Objectius del Certificat HTML and CSS (Angl\u00e8s).<\/a><\/li>\n<\/ul>\n<p><a href=\"https:\/\/store.certiport.com\/certiport-products\/c\/13000821?facetValueFilter=tenant~certification%3Ait-specialist&amp;\" target=\"_blank\" rel=\"noopener\"><img fetchpriority=\"high\" decoding=\"async\" class=\"wp-image-21095 alignleft\" src=\"https:\/\/www.cetpenedes.es\/wp-content\/uploads\/2023\/11\/banner_it.webp\" alt=\"Certificacions Especialista en Tecnologies de la Informaci\u00f3 (TI)\" width=\"250\" height=\"250\" data-pagespeed-url-hash=\"3868524213\" \/><\/a><\/p>\n<p>&nbsp;<\/p>\n<p><a href=\"https:\/\/certiport.pearsonvue.com\/Certifications\/ITSpecialist\/Certification\/Overview\" target=\"_blank\" rel=\"noopener\"><img decoding=\"async\" class=\"wp-image-21095 alignleft\" src=\"https:\/\/www.cetpenedes.es\/wp-content\/uploads\/2023\/07\/Certiport-logo.png\" alt=\"Certificacions Especialista en Tecnologies de la Informaci\u00f3 (TI)\" height=\"90\" data-pagespeed-url-hash=\"2573363987\" \/><\/a><\/p>\n<p>&nbsp;<\/p>\n<p><span style=\"color: #ff0000;\">CET Pened\u00e8s no es fa responsable dels continguts de les preguntes dels ex\u00e0mens Certiport per obtenir la certificaci\u00f3.<\/span><\/p>\n<p>&nbsp;<\/p>\n<p>&nbsp;<\/p>\n<p>&nbsp;<\/p>\n<p>&nbsp;<\/p>\n<p>El programa d&#8217;Especialistes en Tecnologies de la Informaci\u00f3 \u00e9s una opci\u00f3 excel\u00b7lent perqu\u00e8 les persones validin les seves habilitats inform\u00e0tiques b\u00e0siques, tan buscades pels ocupadors.<\/p>\n<p>Aquest programa est\u00e0 dissenyat espec\u00edficament per als candidats que estan considerant o han comen\u00e7at recentment el seu cam\u00ed cap a una carrera al camp de la tecnologia de la informaci\u00f3.<\/p>\n<p>Els candidats tenen loportunitat de certificar els seus coneixements en una \u00e0mplia varietat de temes relacionats amb la inform\u00e0tica com el desenvolupament de programari, ladministraci\u00f3 de bases de dades, xarxes i seguretat, mobilitat i gesti\u00f3 de dispositius, aix\u00ed com la programaci\u00f3 .<\/p>\n<p>Encara que s\u00f3n significatius per a qualsevol demandant de treball i candidat interessat a les carreres de TI, aquests ex\u00e0mens s\u00f3n els m\u00e9s adequats per a majors de 14 anys.<\/p>\n<p>No cal cap t\u00edtol de grau ni altres requisits previs, llevat del que s&#8217;indica als Dominis Objectius, que s&#8217;enlla\u00e7en a continuaci\u00f3. Aquests ex\u00e0mens apilables s\u00f3n v\u00e0lids des de la data en qu\u00e8 han estat aprovats i s\u00f3n una emissi\u00f3 \u00fanica.<\/p>\n","protected":false},"excerpt":{"rendered":"<div class=\"description\">\n<div align=\"justify\">Aquesta certificaci\u00f3 destaca les habilitats per recon\u00e8ixer i escriure de forma sint\u00e0cticament correcta HTML i CSS, estructurar dades mitjan\u00e7ant elements HTML i crear i aplicar estils mitjan\u00e7ant CSS, millorant la projecci\u00f3 i impacte professional al m\u00f3n laboral.<\/div>\n<div align=\"justify\">El certificat \u201cIT Specialist\u201d valida que els candidats que s&#8217;incorporin al m\u00f3n laboral s\u00e0piguen com escriure, depurar i mantenir codi HTML i CSS ben format.<\/div>\n<\/div>\n","protected":false},"featured_media":1461,"template":"","meta":{"_uag_custom_page_level_css":""},"product_brand":[],"product_cat":[100,122,138],"product_tag":[],"class_list":{"0":"post-2238","1":"product","2":"type-product","3":"status-publish","4":"has-post-thumbnail","6":"product_cat-certificacions-oficials","7":"product_cat-it-specialist-ca","8":"product_cat-populars","10":"first","11":"instock","12":"featured","13":"purchasable","14":"product-type-variable"},"uagb_featured_image_src":{"full":["https:\/\/cet.academy\/wp-content\/uploads\/2024\/03\/HTML5-I-CSS3.png",500,500,false],"thumbnail":["https:\/\/cet.academy\/wp-content\/uploads\/2024\/03\/HTML5-I-CSS3.png",150,150,false],"medium":["https:\/\/cet.academy\/wp-content\/uploads\/2024\/03\/HTML5-I-CSS3.png",300,300,false],"medium_large":["https:\/\/cet.academy\/wp-content\/uploads\/2024\/03\/HTML5-I-CSS3.png",500,500,false],"large":["https:\/\/cet.academy\/wp-content\/uploads\/2024\/03\/HTML5-I-CSS3.png",500,500,false],"1536x1536":["https:\/\/cet.academy\/wp-content\/uploads\/2024\/03\/HTML5-I-CSS3.png",500,500,false],"2048x2048":["https:\/\/cet.academy\/wp-content\/uploads\/2024\/03\/HTML5-I-CSS3.png",500,500,false],"woocommerce_thumbnail":["https:\/\/cet.academy\/wp-content\/uploads\/2024\/03\/HTML5-I-CSS3.png",300,300,false],"woocommerce_single":["https:\/\/cet.academy\/wp-content\/uploads\/2024\/03\/HTML5-I-CSS3.png",500,500,false],"woocommerce_gallery_thumbnail":["https:\/\/cet.academy\/wp-content\/uploads\/2024\/03\/HTML5-I-CSS3.png",100,100,false],"dgwt-wcas-product-suggestion":["https:\/\/cet.academy\/wp-content\/uploads\/2024\/03\/HTML5-I-CSS3.png",64,64,false]},"uagb_author_info":{"display_name":"root","author_link":"https:\/\/cet.academy\/ca\/author\/"},"uagb_comment_info":0,"uagb_excerpt":"Aquesta certificaci\u00f3 destaca les habilitats per recon\u00e8ixer i escriure de forma sint\u00e0cticament correcta HTML i CSS, estructurar dades mitjan\u00e7ant elements HTML i crear i aplicar estils mitjan\u00e7ant CSS, millorant la projecci\u00f3 i impacte professional al m\u00f3n laboral. El certificat \u201cIT Specialist\u201d valida que els candidats que s'incorporin al m\u00f3n laboral s\u00e0piguen com escriure, depurar i&hellip;","_links":{"self":[{"href":"https:\/\/cet.academy\/ca\/wp-json\/wp\/v2\/product\/2238","targetHints":{"allow":["GET"]}}],"collection":[{"href":"https:\/\/cet.academy\/ca\/wp-json\/wp\/v2\/product"}],"about":[{"href":"https:\/\/cet.academy\/ca\/wp-json\/wp\/v2\/types\/product"}],"version-history":[{"count":1,"href":"https:\/\/cet.academy\/ca\/wp-json\/wp\/v2\/product\/2238\/revisions"}],"predecessor-version":[{"id":2543,"href":"https:\/\/cet.academy\/ca\/wp-json\/wp\/v2\/product\/2238\/revisions\/2543"}],"wp:featuredmedia":[{"embeddable":true,"href":"https:\/\/cet.academy\/ca\/wp-json\/wp\/v2\/media\/1461"}],"wp:attachment":[{"href":"https:\/\/cet.academy\/ca\/wp-json\/wp\/v2\/media?parent=2238"}],"wp:term":[{"taxonomy":"product_brand","embeddable":true,"href":"https:\/\/cet.academy\/ca\/wp-json\/wp\/v2\/product_brand?post=2238"},{"taxonomy":"product_cat","embeddable":true,"href":"https:\/\/cet.academy\/ca\/wp-json\/wp\/v2\/product_cat?post=2238"},{"taxonomy":"product_tag","embeddable":true,"href":"https:\/\/cet.academy\/ca\/wp-json\/wp\/v2\/product_tag?post=2238"}],"curies":[{"name":"wp","href":"https:\/\/api.w.org\/{rel}","templated":true}]}}