{"id":2233,"date":"2024-09-21T12:45:43","date_gmt":"2024-09-21T10:45:43","guid":{"rendered":"https:\/\/cet.academy\/certificaciones\/certificacio-mos-access\/"},"modified":"2025-03-14T15:38:43","modified_gmt":"2025-03-14T14:38:43","slug":"certificacio-mos-access","status":"publish","type":"product","link":"https:\/\/cet.academy\/ca\/certificaciones\/certificacio-mos-access\/","title":{"rendered":"Certificaci\u00f3 MOS Access"},"content":{"rendered":"<table style=\"border-collapse: collapse;\" border=\"1\">\n<tbody>\n<tr>\n<td style=\"background-color: #ec6824; color: white; padding: 20px;\">\n<h4><span style=\"vertical-align: inherit;\"><span style=\"vertical-align: inherit;\">TRUCADES<\/span><\/span><\/h4>\n<\/td>\n<td style=\"background-color: #162640; color: white; padding: 20px;\"><span style=\"vertical-align: inherit;\"><span style=\"vertical-align: inherit;\">\u00daltims dimecres laborables del centre de cada mes<\/span><\/span><\/td>\n<\/tr>\n<tr>\n<td style=\"background-color: #ec6824; color: white; padding: 20px;\">\n<h4><span style=\"vertical-align: inherit;\"><span style=\"vertical-align: inherit;\">TEMPS:<\/span><\/span><\/h4>\n<\/td>\n<td style=\"background-color: #162640; color: white; padding: 20px;\"><span style=\"vertical-align: inherit;\"><span style=\"vertical-align: inherit;\"><span style=\"vertical-align: inherit;\"><span style=\"vertical-align: inherit;\"><span style=\"vertical-align: inherit;\"><span style=\"vertical-align: inherit;\"><span style=\"vertical-align: inherit;\"><span style=\"vertical-align: inherit;\"><span style=\"vertical-align: inherit;\"><span style=\"vertical-align: inherit;\"><span style=\"vertical-align: inherit;\"><span style=\"vertical-align: inherit;\"><span style=\"vertical-align: inherit;\"><span style=\"vertical-align: inherit;\"><span style=\"vertical-align: inherit;\"><span style=\"vertical-align: inherit;\">10:00 a 13:00 hrs o 16:00 a 19:00 hrs<\/span><\/span><\/span><\/span><\/span><\/span><\/span><\/span><\/span><\/span><\/span><\/span><\/span><\/span><\/span><\/span><\/td>\n<\/tr>\n<\/tbody>\n<\/table>\n<div align=\"justify\">\n<h3><span style=\"vertical-align: inherit;\"><span style=\"vertical-align: inherit;\">OBJECTIUS GENERALS Certificaci\u00f3 MOS Access<\/span><\/span><\/h3>\n<ul>\n<li><span style=\"vertical-align: inherit;\"><span style=\"vertical-align: inherit;\">El candidat de nivell b\u00e0sic per a la Certificaci\u00f3 MOS Access, ha de tenir coneixements b\u00e0sics de l&#8217;entorn Access i la capacitat de completar tasques de manera independent. Tamb\u00e9 heu de con\u00e8ixer i demostrar l&#8217;aplicaci\u00f3 correcta de les funcions principals d&#8217;Access segons la versi\u00f3. Aquest candidat ha de tenir en conjunt la capacitat de crear i mantenir objectes d&#8217;Access Database, incloses taules, relacions, formularis d&#8217;entrada de dades, informes de diversos nivells, aix\u00ed com consultes de diverses taules.  <\/span><\/span><\/li>\n<\/ul>\n<\/div>\n<h3><span style=\"vertical-align: inherit;\"><span style=\"vertical-align: inherit;\">T&#8217;AJUDEM EN EL TEU APRENENTATGE<\/span><\/span><\/h3>\n<p align=\"justify\"><span style=\"vertical-align: inherit;\"><span style=\"vertical-align: inherit;\">CET Pened\u00e8s Inclou dues eines per ajudar-te a preparar el teu examen, independentment de si has triat o no, l&#8217;opci\u00f3 \u201csegona oportunitat\u201d:<\/span><\/span><\/p>\n<ul>\n<li><span style=\"vertical-align: inherit;\"><span style=\"vertical-align: inherit;\">Curs E-learning oficial Microsoft del certificat que hagis triat, mitjan\u00e7ant la plataforma d&#8217;acc\u00e9s JASPERACTIVE.<\/span><\/span><\/li>\n<li><span style=\"vertical-align: inherit;\"><span style=\"vertical-align: inherit;\">Acc\u00e9s al simulador d&#8217;examen oficial de Microsoft per a pr\u00e0ctiques de preguntes i fer test simulant l&#8217;examen de certificaci\u00f3 escollit mitjan\u00e7ant el simulador GMETRIX.<\/span><\/span><\/li>\n<\/ul>\n<p>&nbsp;<\/p>\n<div>\n<p><span style=\"vertical-align: inherit;\"><span style=\"vertical-align: inherit;\">No et preocupis si tens dubtes o necessites qualsevol aclariment. <\/span><\/span><\/p>\n<p><span style=\"vertical-align: inherit;\"><span style=\"vertical-align: inherit;\">Truca&#8217;ns al +0034 938 90 47 45 de dilluns a divendres de 9:00 a 13:00 i de 16:00 a 20:00.<\/span><\/span><\/p>\n<p><span style=\"vertical-align: inherit;\"><span style=\"vertical-align: inherit;\"><span style=\"vertical-align: inherit;\"><span style=\"vertical-align: inherit;\"><span style=\"vertical-align: inherit;\"><span style=\"vertical-align: inherit;\"><span style=\"vertical-align: inherit;\"><span style=\"vertical-align: inherit;\"><span style=\"vertical-align: inherit;\"><span style=\"vertical-align: inherit;\"><span style=\"vertical-align: inherit;\"><span style=\"vertical-align: inherit;\"><span style=\"vertical-align: inherit;\"><span style=\"vertical-align: inherit;\"><span style=\"vertical-align: inherit;\"><span style=\"vertical-align: inherit;\">Escriu-nos a hola@cetpenedes.cat<\/span><\/span><\/span><\/span><\/span><\/span><\/span><\/span><\/span><\/span><\/span><\/span><\/span><\/span><\/span><\/span><\/p>\n<\/div>\n<p>&nbsp;<\/p>\n<h3><span style=\"vertical-align: inherit;\"><span style=\"vertical-align: inherit;\">APTITUDS AVALUADES<\/span><\/span><\/h3>\n<p align=\"justify\"><span style=\"vertical-align: inherit;\"><span style=\"vertical-align: inherit;\">Aquesta llista cont\u00e9 les aptituds que es mesuren a l&#8217;examen associat a aquesta certificaci\u00f3. Per obtenir informaci\u00f3 m\u00e9s detallada, tamb\u00e9 podeu visitar la p\u00e0gina de detalls de l&#8217;examen i descarregar l&#8217;esquema d&#8217;aptituds de l&#8217;examen. <\/span><\/span><\/p>\n<p align=\"justify\"><strong><span style=\"vertical-align: inherit;\"><span style=\"vertical-align: inherit;\"><span style=\"vertical-align: inherit;\"><span style=\"vertical-align: inherit;\"><span style=\"vertical-align: inherit;\"><span style=\"vertical-align: inherit;\"><span style=\"vertical-align: inherit;\"><span style=\"vertical-align: inherit;\"><span style=\"vertical-align: inherit;\"><span style=\"vertical-align: inherit;\"><span style=\"vertical-align: inherit;\"><span style=\"vertical-align: inherit;\"><span style=\"vertical-align: inherit;\"><span style=\"vertical-align: inherit;\"><span style=\"vertical-align: inherit;\"><span style=\"vertical-align: inherit;\">Access 2016<\/span><\/span><\/span><\/span><\/span><\/span><\/span><\/span><\/span><\/span><\/span><\/span><\/span><\/span><\/span><\/span><\/strong><\/p>\n<ul>\n<li><span style=\"vertical-align: inherit;\"><span style=\"vertical-align: inherit;\">Crear i gestionar una base de dades (20-25%).<\/span><\/span><\/li>\n<li><span style=\"vertical-align: inherit;\"><span style=\"vertical-align: inherit;\">Construir taules (25-30%).<\/span><\/span><\/li>\n<li><span style=\"vertical-align: inherit;\"><span style=\"vertical-align: inherit;\">Crear consultes (20-25%).<\/span><\/span><\/li>\n<li><span style=\"vertical-align: inherit;\"><span style=\"vertical-align: inherit;\">Crear formularis (15-20%).<\/span><\/span><\/li>\n<li><span style=\"vertical-align: inherit;\"><span style=\"vertical-align: inherit;\">Crear informes (15-20%).<\/span><\/span><\/li>\n<\/ul>\n<h3><span style=\"vertical-align: inherit;\"><span style=\"vertical-align: inherit;\">CONTINGUTS Certificaci\u00f3 MOS Access<\/span><\/span><\/h3>\n<p><a href=\"https:\/\/www.cetpenedes.es\/wp-content\/uploads\/fitxa-curs-pagament\/microsoft-office\/EFH_Gu%C3%ADa%20Certiport%20para%20candidatos%20a%20examen%20(es).pdf\" target=\"_blank\" rel=\"noopener\"><span style=\"vertical-align: inherit;\"><span style=\"vertical-align: inherit;\">Guia per al candidat Certiport examen<\/span><\/span><\/a><\/p>\n<p><a href=\"https:\/\/www.cetpenedes.es\/wp-content\/uploads\/fitxa-curs-pagament\/microsoft-office\/Habilidades%20certificaci%C3%B3n%20Access%202016%20(77-730).pdf\" target=\"_blank\" rel=\"noopener\"><span style=\"vertical-align: inherit;\"><span style=\"vertical-align: inherit;\">Esquema d&#8217;aptituds examen Access 2016<\/span><\/span><\/a><\/p>\n<div align=\"left\">\n<p><a href=\"https:\/\/learn.microsoft.com\/es-es\/credentials\/certifications\/mos-access-2016\/\" target=\"_blank\" rel=\"noopener\"><img decoding=\"async\" class=\"alignnone wp-image- 21095\" src=\"https:\/\/www.cetpenedes.cat\/wp-content\/uploads\/2023\/02\/Microsoft_exam.png\" alt=\"\" width=\"125\" height=\"53\" data-pagespeed-url-hash=\"2651823002\"><\/a><a href=\"https:\/\/support.microsoft.com\/es-es\/topic\/obtenga-una-certificaci%C3%B3n-de-microsoft-office-specialist-mos-0885c944-167c-51ea-1cdc-8f65952bd1b8\" target=\"_blank\" rel=\"noopener\"><img decoding=\"async\" class=\"alignnone wp-image-28509\" src=\"https:\/\/www.cetpenedes.cat\/wp-content\/uploads\/2023\/11\/MOS.png\" sizes=\"(max-width: 250px) 100vw, 250px\" srcset=\"https:\/\/www.cetpenedes.es\/wp-content\/uploads\/2023\/11\/xMOS.png.pagespeed.ic.EeClKMB7pr.webp 373w, https:\/\/www.cetpenedes.es\/wp-content\/uploads\/2023\/11\/xMOS-300x191.png.pagespeed.ic.2ZfIrHKkUU.webp 300w, https:\/\/www.cetpenedes.es\/wp-content\/uploads\/2023\/11\/xMOS-64x41.png.pagespeed.ic.fOSFOnwtEp.webp 64w\" alt=\"Certificaci\u00f3 MOS Access\" width=\"250\" height=\"159\" data-pagespeed-url-hash=\"73403079\"><\/a><\/p>\n<\/div>\n<p>&nbsp;<\/p>\n<p><iframe title=\"YouTube video player\" src=\"https:\/\/www.youtube.com\/embed\/dwuzrhwdpdo\" width=\"560\" height=\"315\" frameborder=\"0\" allowfullscreen=\"allowfullscreen\"><\/iframe><\/p>\n<div align=\"justify\">\n<p><span style=\"vertical-align: inherit;\"><span style=\"vertical-align: inherit;\">Obtenir una Certificaci\u00f3 Microsoft Office Access comporta diversos avantatges, els quals, indubtablement, poden enriquir la teva carrera i tamb\u00e9 les teves capacitats professionals.<\/span><\/span><\/p>\n<p><span style=\"vertical-align: inherit;\"><span style=\"vertical-align: inherit;\">En primer lloc, aconseguir aquesta certificaci\u00f3 demostra clarament la teva habilitat en l\u00fas daquesta potent eina de fulls de c\u00e0lcul. Aquest fet et proporciona l&#8217;oportunitat de destacar al mercat laboral, ja que, sens dubte, les empreses valoren positivament els candidats amb un domini s\u00f2lid d&#8217;Access. A m\u00e9s, aquesta certificaci\u00f3 suposa un pas primordial cap al reconeixement oficial de les teves compet\u00e8ncies.  <\/span><\/span><\/p>\n<p><span style=\"vertical-align: inherit;\"><span style=\"vertical-align: inherit;\">Quan obtinguis la certificaci\u00f3 amb Microsoft Office Access, sens dubte, adquirir\u00e0s la capacitat de dominar funcions avan\u00e7ades des d&#8217;Access, cosa que et permetr\u00e0 treballar amb m\u00e9s efic\u00e0cia en tasques d&#8217;an\u00e0lisi de dades i presentaci\u00f3 d&#8217;informes. Aix\u00f2 pot tenir un impacte molt positiu a la teva productivitat i precisi\u00f3, aspectes crucials en entorns laborals exigents. <\/span><\/span><\/p>\n<p><span style=\"vertical-align: inherit;\"><span style=\"vertical-align: inherit;\">A m\u00e9s, l&#8217;obtenci\u00f3 d&#8217;aquesta certificaci\u00f3 us connecta amb una comunitat de professionals d&#8217;Access, oferint-vos l&#8217;acc\u00e9s a recursos addicionals per seguir aprenent i noves oportunitats de desenvolupament professional.<\/span><\/span><\/p>\n<p><span style=\"vertical-align: inherit;\"><span style=\"vertical-align: inherit;\">En resum, obtenir una certificaci\u00f3 a Microsoft Access \u00e9s una inversi\u00f3 en el teu futur professional, et col\u00b7loca com a professional altament qualificat i et dota d&#8217;eines per millorar l&#8217;efic\u00e0cia i precisi\u00f3 en tasques relacionades amb les dades, cosa que pot tenir un impacte substancial a la teva carrera.<\/span><\/span><\/p>\n<\/div>\n","protected":false},"excerpt":{"rendered":"<div class=\"description\">\n<p><span class=\"HwtZe\" lang=\"es\"><span class=\"jCAhz ChMk0b\"><span class=\"ryNqvb\"><span style=\"vertical-align: inherit;\"><span style=\"vertical-align: inherit;\">Certifica&#8217;t a Microsoft Office Access i disposa de les habilitats necess\u00e0ries per aprofitar professionalment el m\u00e0xim d&#8217;aquest aplicatiu.<\/span><\/span><\/span><\/span><\/span><\/p>\n<\/div>\n","protected":false},"featured_media":1471,"template":"elementor_theme","meta":{"_uag_custom_page_level_css":""},"product_brand":[],"product_cat":[100,121],"product_tag":[],"class_list":{"0":"post-2233","1":"product","2":"type-product","3":"status-publish","4":"has-post-thumbnail","6":"product_cat-certificacions-oficials","7":"product_cat-microsoft-office-ca","9":"first","10":"instock","11":"purchasable","12":"product-type-variable"},"uagb_featured_image_src":{"full":["https:\/\/cet.academy\/wp-content\/uploads\/2024\/03\/Microsoft-Access-Specialist.png",1000,1000,false],"thumbnail":["https:\/\/cet.academy\/wp-content\/uploads\/2024\/03\/Microsoft-Access-Specialist.png",150,150,false],"medium":["https:\/\/cet.academy\/wp-content\/uploads\/2024\/03\/Microsoft-Access-Specialist.png",300,300,false],"medium_large":["https:\/\/cet.academy\/wp-content\/uploads\/2024\/03\/Microsoft-Access-Specialist.png",768,768,false],"large":["https:\/\/cet.academy\/wp-content\/uploads\/2024\/03\/Microsoft-Access-Specialist.png",1000,1000,false],"1536x1536":["https:\/\/cet.academy\/wp-content\/uploads\/2024\/03\/Microsoft-Access-Specialist.png",1000,1000,false],"2048x2048":["https:\/\/cet.academy\/wp-content\/uploads\/2024\/03\/Microsoft-Access-Specialist.png",1000,1000,false],"woocommerce_thumbnail":["https:\/\/cet.academy\/wp-content\/uploads\/2024\/03\/Microsoft-Access-Specialist.png",300,300,false],"woocommerce_single":["https:\/\/cet.academy\/wp-content\/uploads\/2024\/03\/Microsoft-Access-Specialist.png",600,600,false],"woocommerce_gallery_thumbnail":["https:\/\/cet.academy\/wp-content\/uploads\/2024\/03\/Microsoft-Access-Specialist.png",100,100,false],"dgwt-wcas-product-suggestion":["https:\/\/cet.academy\/wp-content\/uploads\/2024\/03\/Microsoft-Access-Specialist.png",64,64,false]},"uagb_author_info":{"display_name":"root","author_link":"https:\/\/cet.academy\/ca\/author\/"},"uagb_comment_info":0,"uagb_excerpt":"Certifica't a Microsoft Office Access i disposa de les habilitats necess\u00e0ries per aprofitar professionalment el m\u00e0xim d'aquest aplicatiu.","_links":{"self":[{"href":"https:\/\/cet.academy\/ca\/wp-json\/wp\/v2\/product\/2233","targetHints":{"allow":["GET"]}}],"collection":[{"href":"https:\/\/cet.academy\/ca\/wp-json\/wp\/v2\/product"}],"about":[{"href":"https:\/\/cet.academy\/ca\/wp-json\/wp\/v2\/types\/product"}],"version-history":[{"count":1,"href":"https:\/\/cet.academy\/ca\/wp-json\/wp\/v2\/product\/2233\/revisions"}],"predecessor-version":[{"id":2319,"href":"https:\/\/cet.academy\/ca\/wp-json\/wp\/v2\/product\/2233\/revisions\/2319"}],"wp:featuredmedia":[{"embeddable":true,"href":"https:\/\/cet.academy\/ca\/wp-json\/wp\/v2\/media\/1471"}],"wp:attachment":[{"href":"https:\/\/cet.academy\/ca\/wp-json\/wp\/v2\/media?parent=2233"}],"wp:term":[{"taxonomy":"product_brand","embeddable":true,"href":"https:\/\/cet.academy\/ca\/wp-json\/wp\/v2\/product_brand?post=2233"},{"taxonomy":"product_cat","embeddable":true,"href":"https:\/\/cet.academy\/ca\/wp-json\/wp\/v2\/product_cat?post=2233"},{"taxonomy":"product_tag","embeddable":true,"href":"https:\/\/cet.academy\/ca\/wp-json\/wp\/v2\/product_tag?post=2233"}],"curies":[{"name":"wp","href":"https:\/\/api.w.org\/{rel}","templated":true}]}}