{"id":105,"date":"2024-03-21T12:45:43","date_gmt":"2024-03-21T11:45:43","guid":{"rendered":"https:\/\/cet.academy\/?post_type=product&#038;p=105"},"modified":"2025-09-23T09:45:54","modified_gmt":"2025-09-23T07:45:54","slug":"certificado-365-fundamentals-crm","status":"publish","type":"product","link":"https:\/\/cet.academy\/ca\/certificaciones\/certificado-365-fundamentals-crm\/","title":{"rendered":"Certificado 365 Fundamentals CRM"},"content":{"rendered":"<table style=\"border-collapse: collapse;\" border=\"1\">\n<tbody>\n<tr>\n<td style=\"background-color: #ec6824; color: white; padding: 20px;\">\n<h4>CONVOCATORIAS<\/h4>\n<\/td>\n<td style=\"background-color: #162640; color: white; padding: 20px;\">\u00daltimos mi\u00e9rcoles laborables del centro de cada mes<\/td>\n<\/tr>\n<tr>\n<td style=\"background-color: #ec6824; color: white; padding: 20px;\">\n<h4>HORARIO:<\/h4>\n<\/td>\n<td style=\"background-color: #162640; color: white; padding: 20px;\">10:00 a 13:00 hrs o 16:00 a 19:00 hrs<\/td>\n<\/tr>\n<\/tbody>\n<\/table>\n<div align=\"justify\">\n<h3>Dirigido a:<\/h3>\n<ul>\n<li>Profesionales t\u00e9cnicos para conseguir la confianza necesaria para obtener mejores roles en su organizaci\u00f3n y poder avanzar a liderar proyectos m\u00e1s grandes.<\/li>\n<li>Estudiantes\u00a0para abrir puertas profesionales con la certificaci\u00f3n de uno de los principales proveedores tecnol\u00f3gicos.<\/li>\n<li>Profesionales empresariales\u00a0para aprender las caracter\u00edsticas y conceptos y as\u00ed poder ser m\u00e1s eficaz con la comunicaci\u00f3n con profesionales t\u00e9cnicos.<\/li>\n<\/ul>\n<\/div>\n<h3>Te ayudamos en tu aprendizaje<\/h3>\n<p align=\"justify\">CET Pened\u00e8s incluye herramientas para ayudarte a preparar tu examen, independientemente de si has elegido o no, la opci\u00f3n \u201csegunda oportunidad\u201d.<\/p>\n<ul>\n<li>Acceso al simulador de examen oficial de Microsoft para pr\u00e1cticas de preguntas y realizar test simulando el examen de certificaci\u00f3n elegido mediante el simulador GMETRIX.<\/li>\n<\/ul>\n<p>&nbsp;<\/p>\n<div>\n<p>No te preocupes si tienes dudas o necesitas cualquier aclaraci\u00f3n. Estamos a su disposici\u00f3n.<\/p>\n<p>Ll\u00e1manos al\u00a0+0034 938 90 47 45\u00a0de lunes a viernes de 9:00 a 13:00 y de 16:00 a 20:00.<\/p>\n<p>Escribanos a hola@cetpenedes.cat<\/p>\n<\/div>\n<h3>Aptitudes evaluadas:<\/h3>\n<p>Tanto si se trata de una parte interesada empresarial, un consultor operativo al inicio de la carrera profesional o un alumno, esta certificaci\u00f3n supone una validaci\u00f3n de sus amplios conocimientos sobre las aplicaciones de involucraci\u00f3n del cliente en Microsoft Dynamics 365, incluyendo:<\/p>\n<ul>\n<li>Funcionalidades de marketing.<\/li>\n<li>Automatizaci\u00f3n de los ciclos de vida de ventas, servicios y soporte t\u00e9cnico.<\/li>\n<\/ul>\n<p>La certificaci\u00f3n Microsoft Certified: Dynamics Fundamentales (CRM) puede ser una excelente opci\u00f3n si busca lo siguiente:<\/p>\n<ul>\n<li>Comprender las principales funcionalidades de las aplicaciones de involucraci\u00f3n del cliente de Dynamics 365.<\/li>\n<li>Validar sus aptitudes de Dynamics 365.<\/li>\n<li>Resaltar los conocimientos sobre operaciones empresariales e involucraci\u00f3n del cliente.<\/li>\n<li>Demostrar la capacidad sobre las funcionalidades de involucraci\u00f3n del cliente de Dynamics 365 para pasar al siguiente nivel.<\/li>\n<\/ul>\n<p>Se recomienda para usuarios conocedores de la tecnolog\u00eda con cierto conocimiento b\u00e1sico de las funciones empresariales, como marketing, ventas y servicios.<\/p>\n<p>Aptitudes medidas a partir del 9 de octubre de 2023:<\/p>\n<ul>\n<li><span class=\"HwtZe\" lang=\"es\"><span class=\"jCAhz ChMk0b\"><span class=\"ryNqvb\">Descripci\u00f3n de Microsoft Dynamics 365 Customer Insights: Recorridos (15-20%)<\/span><\/span><\/span><\/li>\n<li><span class=\"HwtZe\" lang=\"es\"><span class=\"jCAhz ChMk0b\"><span class=\"ryNqvb\">Descripci\u00f3n de Dynamics 365 Salas (15\u201320%)<\/span><\/span><\/span><\/li>\n<li><span class=\"HwtZe\" lang=\"es\"><span class=\"jCAhz ChMk0b\"><span class=\"ryNqvb\">Descripci\u00f3n de Dynamics 365 Field Service (15\u201320%)<\/span><\/span><\/span><\/li>\n<li><span class=\"HwtZe\" lang=\"es\"><span class=\"jCAhz ChMk0b\"><span class=\"ryNqvb\">Exploraci\u00f3n de las principales funcionalidades de las aplicaciones de interacci\u00f3n con el cliente de Dynamics 365 (20-25%)<\/span><\/span><\/span><\/li>\n<\/ul>\n<div align=\"justify\">\n<h3>El examen:<\/h3>\n<p>El examen de Certificaci\u00f3n es un examen tipo test en espa\u00f1ol de 50 minutos de duraci\u00f3n, con opciones de respuesta innovadoras seleccionadas.<\/p>\n<p>Es supervisado remotamente y te permite realizarlo desde la comodidad de tu hogar u oficina con simple conexi\u00f3n a internet.<\/p>\n<p>Sin duda, las certificaciones Microsoft fundamentales, gozan del reconocimiento del sector y abrenmuchas puertas en el mercado laboral. Ofrecen formaci\u00f3n b\u00e1sica y ex\u00e1menes que proporcionan informaci\u00f3n general pr\u00e1ctica de la tecnolog\u00eda de Microsoft y confirman que tienes un conocimiento actualizado de los temas<\/p>\n<div>\n<p>Para m\u00e1s informaci\u00f3n del certificado, puedes visitar la p\u00e1gina oficial del emisor de los certificados (<a href=\"https:\/\/certiport.pearsonvue.com\/Certifications\/Microsoft\/MCF\/Overview.aspx\" target=\"_blank\" rel=\"noopener\">Certiport Fundamentals<\/a>) para ver todas las certificaciones o descargar los objetivos de cada certificaci\u00f3n en los siguientes enlaces:<\/p>\n<ul>\n<li><a href=\"https:\/\/learn.microsoft.com\/es-es\/credentials\/certifications\/fundamentals\" target=\"_blank\" rel=\"noopener\">Visi\u00f3n general certificaciones Microsoft Fundamentals.<\/a><\/li>\n<li><a href=\"https:\/\/www.cetpenedes.cat\/wp-content\/uploads\/fitxa-curs-pagament\/ofertes\/EFH_Gu%C3%ADa%20Certiport%20para%20candidatos%20a%20examen%20(es).pdf\" target=\"_blank\" rel=\"noopener\">Gu\u00eda Certiport examen.<\/a><\/li>\n<li><a href=\"https:\/\/learn.microsoft.com\/es-es\/credentials\/certifications\/d365-fundamentals-customer-engagement-apps-crm\/\" target=\"_blank\" rel=\"noopener\">Detalle certificaci\u00f3n Microsoft 365 Fundamentals CRM.<\/a><\/li>\n<li><a href=\"https:\/\/learn.microsoft.com\/es-es\/credentials\/certifications\/resources\/study-guides\/mb-910\" target=\"_blank \" rel=\"noopener\">Gu\u00eda de estudio del examen MS-900: Aspectos b\u00e1sicos de Microsoft 365 Fundamentals CRM.<\/a><\/li>\n<\/ul>\n<\/div>\n<div>\n<p><a href=\"https:\/\/learn.microsoft.com\/es-es\/credentials\/certifications\/fundamentals\" target=\"_blank\" rel=\"noopener\"><img decoding=\"async\" class=\"wp-image-21095 alignleft\" src=\"https:\/\/www.cetpenedes.es\/wp-content\/uploads\/2023\/11\/180x125xlogo_fundamentals.png.pagespeed.ic.UG1fvL_VGf.webp\" alt=\"Certificado Microsoft Azure Fundamentals\" width=\"180\" height=\"125\" data-pagespeed-url-hash=\"3075140180\" \/><\/a><\/p>\n<p><a href=\"https:\/\/certiport.pearsonvue.com\/Certifications\/Microsoft\/MCF\/Overview\" target=\"_blank\" rel=\"noopener\"><img decoding=\"async\" class=\"wp-image-21095 alignleft\" src=\"https:\/\/www.cetpenedes.es\/wp-content\/uploads\/2023\/07\/Certiport-logo.png.pagespeed.ce.aXRrdFI93e.png\" alt=\"Certificat Microsoft Azure Fundamentals\" height=\"90\" data-pagespeed-url-hash=\"2573363987\" \/><\/a><\/p>\n<p>&nbsp;<\/p>\n<p><span style=\"color: #ff0000;\">CET Pened\u00e9s no se hace responsable de los contenidos de las preguntas de los ex\u00e1menes Certiport para obtener la certificaci\u00f3n.<\/span><\/p>\n<p>&nbsp;<\/p>\n<\/div>\n<div>\n<h3><\/h3>\n<h3>Certificaciones Microsoft Fundamentales existentes:<\/h3>\n<ul>\n<li>AZ-900: Microsoft Azure Fundamentals.\u00a0<a href=\"https:\/\/www.cetpenedes.cat\/producte\/certificat-azure-fundamentals\" target=\"_blank\" rel=\"noopener\">Ver ofert<\/a><\/li>\n<li>DP-900: Microsoft Azure Data Fundamentals.\u00a0<a href=\"https:\/\/www.cetpenedes.cat\/producte\/certificat-azure-data-fundamentals\" target=\"_blank\" rel=\"noopener\">Ver oferta<\/a><\/li>\n<li>AI-900: Microsoft Azure AI Fundamentals.\u00a0<a href=\"https:\/\/www.cetpenedes.cat\/producte\/certificat-azure-ai-fundamentals\" target=\"_blank\" rel=\"noopener\">Ver oferta<\/a><\/li>\n<li>MS-900 Microsoft 365 Fundamentals.\u00a0<a href=\"https:\/\/www.cetpenedes.cat\/producte\/certificat-365-fundamentals\" target=\"_blank\" rel=\"noopener\">Ver oferta<\/a><\/li>\n<li>MB-910: Microsoft Dynamics 365 Fundamentals (CRM).\u00a0<a href=\"https:\/\/www.cetpenedes.cat\/producte\/certificat-dynamics-365-fundamentals-crm\" target=\"_blank\" rel=\"noopener\">Ver oferta<\/a><\/li>\n<li>MB-920: Microsoft Dynamics 365 Fundamentals (ERP).\u00a0<a href=\"https:\/\/www.cetpenedes.cat\/producte\/certificat-dynamics-365-fundamentals-erp\" target=\"_blank\" rel=\"noopener\">Ver oferta<\/a><\/li>\n<li>PL-900: Microsoft Power Platform Fundamentals.\u00a0<a href=\"https:\/\/www.cetpenedes.cat\/producte\/certificat-power-platform-fundamentals\" target=\"_blank\" rel=\"noopener\">Ver oferta<\/a><\/li>\n<li>SC-900: Microsoft Security, Compliance, and Identity Fundamentals.\u00a0<a href=\"https:\/\/www.cetpenedes.cat\/producte\/certificat-security-compliance-identity-fundamentals\" target=\"_blank\" rel=\"noopener\">Ver oferta<\/a><\/li>\n<\/ul>\n<\/div>\n<\/div>\n","protected":false},"excerpt":{"rendered":"<div class=\"description\">\n<p>Demuestre el conocimiento de las aplicaciones de Office, Microsoft Teams, Microsoft Viva y todo lo que Microsoft 365 tiene para mejorar la productividad y la colaboraci\u00f3n en entornos de trabajo h\u00edbridos con esta certificaci\u00f3n pr\u00e1ctica.<br \/>\nSe recomienda para profesionales de los negocios y la tecnolog\u00eda que est\u00e1n empezando y estudiantes que aspiran a serlo.<\/p>\n<\/div>\n","protected":false},"featured_media":185,"template":"","meta":{"_uag_custom_page_level_css":""},"product_brand":[],"product_cat":[29,40],"product_tag":[],"class_list":{"0":"post-105","1":"product","2":"type-product","3":"status-publish","4":"has-post-thumbnail","6":"product_cat-certificaciones-oficiales","7":"product_cat-microsoft-fundamentals","9":"first","10":"instock","11":"purchasable","12":"product-type-variable"},"uagb_featured_image_src":{"full":["https:\/\/cet.academy\/wp-content\/uploads\/2024\/03\/365_Fundamentals_CRM.jpg",1000,1000,false],"thumbnail":["https:\/\/cet.academy\/wp-content\/uploads\/2024\/03\/365_Fundamentals_CRM.jpg",150,150,false],"medium":["https:\/\/cet.academy\/wp-content\/uploads\/2024\/03\/365_Fundamentals_CRM.jpg",300,300,false],"medium_large":["https:\/\/cet.academy\/wp-content\/uploads\/2024\/03\/365_Fundamentals_CRM.jpg",768,768,false],"large":["https:\/\/cet.academy\/wp-content\/uploads\/2024\/03\/365_Fundamentals_CRM.jpg",1000,1000,false],"1536x1536":["https:\/\/cet.academy\/wp-content\/uploads\/2024\/03\/365_Fundamentals_CRM.jpg",1000,1000,false],"2048x2048":["https:\/\/cet.academy\/wp-content\/uploads\/2024\/03\/365_Fundamentals_CRM.jpg",1000,1000,false],"woocommerce_thumbnail":["https:\/\/cet.academy\/wp-content\/uploads\/2024\/03\/365_Fundamentals_CRM.jpg",300,300,false],"woocommerce_single":["https:\/\/cet.academy\/wp-content\/uploads\/2024\/03\/365_Fundamentals_CRM.jpg",600,600,false],"woocommerce_gallery_thumbnail":["https:\/\/cet.academy\/wp-content\/uploads\/2024\/03\/365_Fundamentals_CRM.jpg",100,100,false],"dgwt-wcas-product-suggestion":["https:\/\/cet.academy\/wp-content\/uploads\/2024\/03\/365_Fundamentals_CRM.jpg",64,64,false]},"uagb_author_info":{"display_name":"root","author_link":"https:\/\/cet.academy\/ca\/author\/"},"uagb_comment_info":0,"uagb_excerpt":"Demuestre el conocimiento de las aplicaciones de Office, Microsoft Teams, Microsoft Viva y todo lo que Microsoft 365 tiene para mejorar la productividad y la colaboraci\u00f3n en entornos de trabajo h\u00edbridos con esta certificaci\u00f3n pr\u00e1ctica. Se recomienda para profesionales de los negocios y la tecnolog\u00eda que est\u00e1n empezando y estudiantes que aspiran a serlo.","_links":{"self":[{"href":"https:\/\/cet.academy\/ca\/wp-json\/wp\/v2\/product\/105","targetHints":{"allow":["GET"]}}],"collection":[{"href":"https:\/\/cet.academy\/ca\/wp-json\/wp\/v2\/product"}],"about":[{"href":"https:\/\/cet.academy\/ca\/wp-json\/wp\/v2\/types\/product"}],"version-history":[{"count":5,"href":"https:\/\/cet.academy\/ca\/wp-json\/wp\/v2\/product\/105\/revisions"}],"predecessor-version":[{"id":1982,"href":"https:\/\/cet.academy\/ca\/wp-json\/wp\/v2\/product\/105\/revisions\/1982"}],"wp:featuredmedia":[{"embeddable":true,"href":"https:\/\/cet.academy\/ca\/wp-json\/wp\/v2\/media\/185"}],"wp:attachment":[{"href":"https:\/\/cet.academy\/ca\/wp-json\/wp\/v2\/media?parent=105"}],"wp:term":[{"taxonomy":"product_brand","embeddable":true,"href":"https:\/\/cet.academy\/ca\/wp-json\/wp\/v2\/product_brand?post=105"},{"taxonomy":"product_cat","embeddable":true,"href":"https:\/\/cet.academy\/ca\/wp-json\/wp\/v2\/product_cat?post=105"},{"taxonomy":"product_tag","embeddable":true,"href":"https:\/\/cet.academy\/ca\/wp-json\/wp\/v2\/product_tag?post=105"}],"curies":[{"name":"wp","href":"https:\/\/api.w.org\/{rel}","templated":true}]}}